{"id":609,"date":"2023-10-10T07:27:21","date_gmt":"2023-10-10T05:27:21","guid":{"rendered":"https:\/\/samorzad.uksw.edu.pl\/?page_id=609"},"modified":"2026-01-26T12:32:41","modified_gmt":"2026-01-26T11:32:41","slug":"komisje-zarzadu","status":"publish","type":"page","link":"https:\/\/samorzad.uksw.edu.pl\/organy-samorzadu\/zarzad\/komisje-zarzadu\/","title":{"rendered":"Komisje zarz\u0105du"},"content":{"rendered":"\n<p><\/p>\n\n\n\n<p><strong>Komisja ds. Wsp\u00f3\u0142pracy i Relacji Zewn\u0119trznych <\/strong><br>Komisja ds. Wsp\u00f3\u0142pracy i Relacji Zewn\u0119trznych zajmuje si\u0119 nawi\u0105zywaniem i utrzymywaniem kontakt\u00f3w z partnerami zewn\u0119trznymi, pozyskiwaniem wsp\u00f3\u0142prac i ofert dla student\u00f3w, a tak\u017ce reprezentowaniem Samorz\u0105du na zewn\u0119trznych wydarzeniach. Wspiera organizacj\u0119 inicjatyw studenckich poprzez budowanie relacji z firmami, instytucjami i organizacjami, kt\u00f3re mog\u0105 przyczyni\u0107 si\u0119 do rozwoju spo\u0142eczno\u015bci akademickiej.<br><br><strong>Komisja ds. Projekt\u00f3w<\/strong><br>Zapewnia ciekawe inicjatywy i atrakcyjne wydarzenia dla student\u00f3w. Dzia\u0142ania Komisji obejmuj\u0105 r\u00f3\u017cnorodne projekty. Wsp\u00f3\u0142praca w ramach tego zespo\u0142u jest kluczowa, aby skutecznie realizowa\u0107 za\u0142o\u017cone cele i zapewni\u0107 studentom przer\u00f3\u017cne do\u015bwiadczenia. Nasz zesp\u00f3\u0142 stara si\u0119 by\u0107 silnym wsparciem dla spo\u0142eczno\u015bci akademickiej, tworz\u0105c przyjazne i dynamiczne \u015brodowisko.<br><br><strong>Komisja ds. Rozwoju i Nauki&nbsp;<\/strong><br>Komisja ds. Rozwoju i Nauki to organ dzia\u0142aj\u0105cy w ramach samorz\u0105du studenckiego, kt\u00f3rego celem jest wspieranie inicjatyw naukowych, organizacja wydarze\u0144 akademickich oraz rozw\u00f3j mo\u017cliwo\u015bci edukacyjnych student\u00f3w. Komisja anga\u017cuje si\u0119 w projekty badawcze, konferencje i warsztaty, a tak\u017ce wsp\u00f3\u0142pracuje z uczelnianymi ko\u0142ami naukowymi i instytucjami badawczymi. Jej dzia\u0142alno\u015b\u0107 obejmuje r\u00f3wnie\u017c promowanie innowacji, zdobywanie funduszy na projekty studenckie oraz reprezentowanie interes\u00f3w student\u00f3w w obszarze nauki i rozwoju akademickiego.<br><strong><br>Komisja ds. Promocji <br><\/strong>Zajmuje si\u0119 prowadzeniem medi\u00f3w spo\u0142eczno\u015bciowych. Do zada\u0144 komisji nale\u017cy przygotowanie rzetelnych tre\u015bci docieraj\u0105cych do spo\u0142eczno\u015bci UKSW, dokumentowanie wydarze\u0144 oraz przygotowanie graficzne.<\/p>\n\n\n\n<p><strong>Komisja ds. Organizacji i Kontakt\u00f3w z Wydzia\u0142owymi Radami Student\u00f3w<\/strong><br>Zajmuje si\u0119 nawi\u0105zywaniem szerokich wsp\u00f3\u0142prac mi\u0119dzy uczelnianych oraz z organami administracji rz\u0105dowej i samorz\u0105dowej. Swoje cele realizuje ws\u0142uchuj\u0105c si\u0119 w g\u0142os spo\u0142eczno\u015bci akademickiej i dostosowuj\u0105c swoje dzia\u0142ania do potrzeb student\u00f3w. Wspiera tak\u017ce Wydzia\u0142owe Rady Student\u00f3w w ich dzia\u0142alno\u015bci. <br><br><\/p>\n","protected":false},"excerpt":{"rendered":"<p>Komisja ds. Wsp\u00f3\u0142pracy i Relacji Zewn\u0119trznych Komisja ds. Wsp\u00f3\u0142pracy i Relacji Zewn\u0119trznych zajmuje si\u0119 nawi\u0105zywaniem i utrzymywaniem kontakt\u00f3w z partnerami zewn\u0119trznymi, pozyskiwaniem wsp\u00f3\u0142prac i ofert dla student\u00f3w, a tak\u017ce reprezentowaniem Samorz\u0105du na zewn\u0119trznych wydarzeniach. Wspiera organizacj\u0119 inicjatyw studenckich poprzez budowanie relacji z firmami, instytucjami i organizacjami, kt\u00f3re mog\u0105 przyczyni\u0107 si\u0119 do rozwoju spo\u0142eczno\u015bci akademickiej. Komisja [&hellip;]<\/p>\n","protected":false},"author":590,"featured_media":0,"parent":19,"menu_order":2,"comment_status":"closed","ping_status":"closed","template":"page-templates\/template-sub-page.php","meta":{"_acf_changed":false,"inline_featured_image":false,"footnotes":"","_links_to":"","_links_to_target":""},"class_list":["post-609","page","type-page","status-publish","hentry"],"acf":[],"_links":{"self":[{"href":"https:\/\/samorzad.uksw.edu.pl\/pl\/wp-json\/wp\/v2\/pages\/609","targetHints":{"allow":["GET"]}}],"collection":[{"href":"https:\/\/samorzad.uksw.edu.pl\/pl\/wp-json\/wp\/v2\/pages"}],"about":[{"href":"https:\/\/samorzad.uksw.edu.pl\/pl\/wp-json\/wp\/v2\/types\/page"}],"author":[{"embeddable":true,"href":"https:\/\/samorzad.uksw.edu.pl\/pl\/wp-json\/wp\/v2\/users\/590"}],"replies":[{"embeddable":true,"href":"https:\/\/samorzad.uksw.edu.pl\/pl\/wp-json\/wp\/v2\/comments?post=609"}],"version-history":[{"count":0,"href":"https:\/\/samorzad.uksw.edu.pl\/pl\/wp-json\/wp\/v2\/pages\/609\/revisions"}],"up":[{"embeddable":true,"href":"https:\/\/samorzad.uksw.edu.pl\/pl\/wp-json\/wp\/v2\/pages\/19"}],"wp:attachment":[{"href":"https:\/\/samorzad.uksw.edu.pl\/pl\/wp-json\/wp\/v2\/media?parent=609"}],"curies":[{"name":"wp","href":"https:\/\/api.w.org\/{rel}","templated":true}]}}