{"id":605,"date":"2025-10-12T02:14:42","date_gmt":"2025-10-12T00:14:42","guid":{"rendered":"https:\/\/samorzad.uksw.edu.pl\/?page_id=605"},"modified":"2026-03-22T22:32:29","modified_gmt":"2026-03-22T21:32:29","slug":"uchwaly-wrs","status":"publish","type":"page","link":"https:\/\/samorzad.uksw.edu.pl\/organy-samorzadu\/wrs\/uchwaly-wrs\/","title":{"rendered":"Uchwa\u0142y WRS"},"content":{"rendered":"\n<h2 class=\"wp-block-heading\"><strong>Uchwa\u0142y WRS<\/strong><\/h2>\n\n\n\n<p>Kadencja 2025\/26<\/p>\n\n\n\n<p><\/p>\n\n\n\n<p>WRS WBNS<\/p>\n\n\n\n<p>WRS WFCH<\/p>\n\n\n\n<p>WRS WMCM<\/p>\n\n\n\n<p>WRS WMP<\/p>\n\n\n\n<ul class=\"wp-block-list\">\n<li><a href=\"https:\/\/samorzad.uksw.edu.pl\/wp-content\/uploads\/sites\/37\/2026\/03\/Uchwala-1.2026-1.pdf\">Uchwa\u0142a nr 1<\/a><\/li>\n\n\n\n<li><a href=\"https:\/\/samorzad.uksw.edu.pl\/wp-content\/uploads\/sites\/37\/2026\/03\/Uchwala-2.2026-1.pdf\">Uchwa\u0142a nr 2<\/a><\/li>\n\n\n\n<li><a href=\"https:\/\/samorzad.uksw.edu.pl\/wp-content\/uploads\/sites\/37\/2026\/03\/Uchwala-3.2026.pdf\">Uchwa\u0142a nr 3<\/a><\/li>\n\n\n\n<li><a href=\"https:\/\/samorzad.uksw.edu.pl\/wp-content\/uploads\/sites\/37\/2026\/03\/Uchwala-4.2026.pdf\">Uchwa\u0142a nr 4<\/a><\/li>\n\n\n\n<li><a href=\"https:\/\/samorzad.uksw.edu.pl\/wp-content\/uploads\/sites\/37\/2026\/03\/Uchwala-5.2026.pdf\">Uchwa\u0142a nr 5<\/a><\/li>\n\n\n\n<li><a href=\"https:\/\/samorzad.uksw.edu.pl\/wp-content\/uploads\/sites\/37\/2026\/03\/Uchwala-6.2026.pdf\">Uchwa\u0142a nr 6<\/a><\/li>\n\n\n\n<li><a href=\"https:\/\/samorzad.uksw.edu.pl\/wp-content\/uploads\/sites\/37\/2026\/03\/Uchwala-7.2026.pdf\">Uchwa\u0142a nr 7<\/a><\/li>\n\n\n\n<li><a href=\"https:\/\/samorzad.uksw.edu.pl\/wp-content\/uploads\/sites\/37\/2026\/03\/Uchwala-8.2026.pdf\">Uchwa\u0142a nr 8<\/a><\/li>\n<\/ul>\n\n\n\n<p>WRS WNH<\/p>\n\n\n\n<p>WRS WNHS<\/p>\n\n\n\n<p>WRS WNP<\/p>\n\n\n\n<p>WRS WPK<\/p>\n\n\n\n<ul class=\"wp-block-list\">\n<li><a href=\"https:\/\/samorzad.uksw.edu.pl\/wp-content\/uploads\/sites\/37\/2026\/03\/Uchwala-1.pdf\">Uchwa\u0142a nr 1<\/a><\/li>\n\n\n\n<li><a href=\"https:\/\/samorzad.uksw.edu.pl\/wp-content\/uploads\/sites\/37\/2026\/03\/Uchwala-2.pdf\">Uchwa\u0142a nr 2<\/a><\/li>\n\n\n\n<li><a href=\"https:\/\/samorzad.uksw.edu.pl\/wp-content\/uploads\/sites\/37\/2026\/03\/Uchwala-3.pdf\">Uchwa\u0142a nr 3<\/a><\/li>\n<\/ul>\n\n\n\n<p>WRS WPiA<\/p>\n\n\n\n<ul class=\"wp-block-list\">\n<li><a href=\"https:\/\/samorzad.uksw.edu.pl\/wp-content\/uploads\/sites\/37\/2026\/03\/Uchwala-01.2026.pdf\">Uchwa\u0142a nr 1<\/a><\/li>\n\n\n\n<li><a href=\"https:\/\/samorzad.uksw.edu.pl\/wp-content\/uploads\/sites\/37\/2026\/03\/Uchwala-02.2026.pdf\">Uchwa\u0142a nr 2<\/a><\/li>\n\n\n\n<li><a href=\"https:\/\/samorzad.uksw.edu.pl\/wp-content\/uploads\/sites\/37\/2026\/03\/Uchwala-03.2026.pdf\">Uchwa\u0142a nr 3<\/a><\/li>\n\n\n\n<li><a href=\"https:\/\/samorzad.uksw.edu.pl\/wp-content\/uploads\/sites\/37\/2026\/03\/Uchwala-4.2026.pdf\">Uchwa\u0142a nr 4<\/a><\/li>\n\n\n\n<li><a href=\"https:\/\/samorzad.uksw.edu.pl\/wp-content\/uploads\/sites\/37\/2026\/03\/Uchwala-05.2026.pdf\">Uchwa\u0142a nr 5<\/a><\/li>\n\n\n\n<li><a href=\"https:\/\/samorzad.uksw.edu.pl\/wp-content\/uploads\/sites\/37\/2026\/03\/Uchwala-06.2026-.pdf\">Uchwa\u0142a nr 6<\/a><\/li>\n\n\n\n<li><a href=\"https:\/\/samorzad.uksw.edu.pl\/wp-content\/uploads\/sites\/37\/2026\/03\/Uchwala-07.2026.pdf\">Uchwa\u0142a nr 7<\/a><\/li>\n\n\n\n<li><a href=\"https:\/\/samorzad.uksw.edu.pl\/wp-content\/uploads\/sites\/37\/2026\/03\/Uchwala-08.2026.pdf\">Uchwa\u0142a nr 8<\/a><\/li>\n\n\n\n<li><a href=\"https:\/\/samorzad.uksw.edu.pl\/wp-content\/uploads\/sites\/37\/2026\/03\/Uchwala-09.2026.pdf\">Uchwa\u0142a nr 9<\/a><\/li>\n\n\n\n<li><a href=\"https:\/\/samorzad.uksw.edu.pl\/wp-content\/uploads\/sites\/37\/2026\/03\/Uchwala-10.2026.pdf\">Uchwa\u0142a nr 10<\/a><\/li>\n\n\n\n<li><a href=\"https:\/\/samorzad.uksw.edu.pl\/wp-content\/uploads\/sites\/37\/2026\/03\/Uchwala-11.2026.pdf\">Uchwa\u0142a nr 11<\/a><\/li>\n\n\n\n<li><a href=\"https:\/\/samorzad.uksw.edu.pl\/wp-content\/uploads\/sites\/37\/2026\/03\/Uchwala-12.2026.pdf\">Uchwa\u0142a nr 12<\/a><\/li>\n\n\n\n<li><a href=\"https:\/\/samorzad.uksw.edu.pl\/wp-content\/uploads\/sites\/37\/2026\/03\/Uchwala-13.2026.pdf\">Uchwa\u0142a nr 13<\/a><\/li>\n<\/ul>\n\n\n\n<p>WRS WSE<\/p>\n\n\n\n<p>WRS WSR<\/p>\n\n\n\n<p>WRS WT<\/p>\n\n\n\n<p><\/p>\n\n\n\n<h3 class=\"wp-block-heading\">Kadencja 2024\/25<\/h3>\n\n\n\n<p><\/p>\n\n\n\n<h3 class=\"wp-block-heading\">WRS WBNS<\/h3>\n\n\n\n<ul class=\"wp-block-list\">\n<li><a href=\"https:\/\/samorzad.uksw.edu.pl\/wp-content\/uploads\/sites\/37\/2025\/10\/Uchwala-Nr-1-WRS-WBNS-01.2025.pdf\">Uchwa\u0142a 1.2025<\/a><\/li>\n\n\n\n<li><a href=\"https:\/\/samorzad.uksw.edu.pl\/wp-content\/uploads\/sites\/37\/2025\/10\/Uchwala-Nr-2-WRS-WBNS-01.2025.pdf\">Uchwa\u0142a 2.2025<\/a><\/li>\n\n\n\n<li><a href=\"https:\/\/samorzad.uksw.edu.pl\/wp-content\/uploads\/sites\/37\/2025\/10\/Uchwala-Nr-3-WRS-WBNS-01.2025.pdf\">Uchwa\u0142a 3.2025<\/a><\/li>\n\n\n\n<li><a href=\"https:\/\/samorzad.uksw.edu.pl\/wp-content\/uploads\/sites\/37\/2025\/10\/Uchwala-Nr-4-WRS-WBNS-01.2025.pdf\">Uchwa\u0142a 4.2025<\/a><\/li>\n\n\n\n<li><a href=\"https:\/\/samorzad.uksw.edu.pl\/wp-content\/uploads\/sites\/37\/2025\/10\/Uchwala-Nr-5-WRS-WBNS-01.2025.pdf\">Uchwa\u0142a 5.2025<\/a><\/li>\n\n\n\n<li><a href=\"https:\/\/samorzad.uksw.edu.pl\/wp-content\/uploads\/sites\/37\/2025\/10\/Uchwala-Nr-6-WRS-WBNS-04.2025.pdf\">Uchwa\u0142a 6.2025<\/a><\/li>\n<\/ul>\n\n\n\n<h3 class=\"wp-block-heading\"><br>WRS WFCH<\/h3>\n\n\n\n<ul class=\"wp-block-list\">\n<li><a href=\"https:\/\/samorzad.uksw.edu.pl\/wp-content\/uploads\/sites\/37\/2025\/04\/Uchwala-1.2025-w-sprawie-wyboru-Przewodniczacego-Wydzialowej-Rady-Studentow-Wydzialu-Filozofii-Chrzescijanskiej.docx\">Uchwa\u0142a 1.2025<\/a><\/li>\n\n\n\n<li><a href=\"https:\/\/samorzad.uksw.edu.pl\/wp-content\/uploads\/sites\/37\/2025\/04\/Uchwala-2.2025-w-sprawie-wyboru-Wiceprzewodniczacego-Wydzialowej-Rady-Studentow-Wydzialu-Filozofii-Chrzescijanskiej.docx\">Uchwa\u0142a 2.2025<\/a><\/li>\n\n\n\n<li><a href=\"https:\/\/samorzad.uksw.edu.pl\/wp-content\/uploads\/sites\/37\/2025\/04\/Uchwala-3.2025-w-sprawie-wyboru-Sekretarza-Wydzialowej-Rady-Studentow-Wydzialu-Filozofii-Chrzescijanskiej.pdf\">Uchwa\u0142a 3.2025<\/a><\/li>\n\n\n\n<li><a href=\"https:\/\/samorzad.uksw.edu.pl\/wp-content\/uploads\/sites\/37\/2025\/04\/Uchwala-4.2025-w-sprawie-zaopiniowania-zmian-w-programie-studiow-I-stopnia-na-kierunku-Kognitywistyka-.pdf\">Uchwa\u0142a 4.2025<\/a><\/li>\n\n\n\n<li><a href=\"https:\/\/samorzad.uksw.edu.pl\/wp-content\/uploads\/sites\/37\/2025\/04\/Uchwala-5.2025-w-sprawie-wyboru-przedstawiciela-studentow-do-Rady-Wydzialu-WFCH-UKSW.pdf\">Uchwa\u0142a 5.2025<\/a><\/li>\n\n\n\n<li><a href=\"https:\/\/samorzad.uksw.edu.pl\/wp-content\/uploads\/sites\/37\/2025\/04\/Uchwala-6.2025-w-sprawie-zaopiniowania-programu-studiow-nowego-kierunku-anglojezycznego-II-stopnia-Cognitive-and-Clinical-Neuroscience.pdf\">Uchwa\u0142a 6.2025<\/a><\/li>\n\n\n\n<li><a href=\"https:\/\/samorzad.uksw.edu.pl\/wp-content\/uploads\/sites\/37\/2025\/04\/Uchwala-7.2025-w-sprawie-wyboru-kandydata-wsrod-studentow-do-Wydzialowej-Komisji-ds.-Jakosci-Ksztalcenia-.pdf\">Uchwa\u0142a 7.2025<\/a><\/li>\n\n\n\n<li><a href=\"https:\/\/samorzad.uksw.edu.pl\/wp-content\/uploads\/sites\/37\/2025\/10\/Uchwala-08-2025-w-sprawie-zaopiniowania-zmian-w-programie-studiow-Ochrona-srodowiska.docx.pdf.pdf\">Uchwa\u0142a 8.2025<\/a><\/li>\n<\/ul>\n\n\n\n<h3 class=\"wp-block-heading\"><br>WRS WMCM<\/h3>\n\n\n\n<ul class=\"wp-block-list\">\n<li><a href=\"https:\/\/samorzad.uksw.edu.pl\/wp-content\/uploads\/sites\/37\/2025\/04\/uchwala-012025.docx\">Uchwa\u0142a nr 01.2025<\/a><\/li>\n\n\n\n<li><a href=\"https:\/\/samorzad.uksw.edu.pl\/wp-content\/uploads\/sites\/37\/2025\/04\/Uchwala-nr-02.2025.docx\">Uchwa\u0142a nr 02.2025<\/a><\/li>\n\n\n\n<li><a href=\"https:\/\/samorzad.uksw.edu.pl\/wp-content\/uploads\/sites\/37\/2025\/04\/Uchwala-nr-03.2025.docx\">Uchwa\u0142a nr 03.2025<\/a><\/li>\n\n\n\n<li><a href=\"https:\/\/samorzad.uksw.edu.pl\/wp-content\/uploads\/sites\/37\/2025\/04\/uchwala-nr-04.2025.docx\">Uchwa\u0142a nr 04.2025<\/a><\/li>\n\n\n\n<li><a href=\"https:\/\/samorzad.uksw.edu.pl\/wp-content\/uploads\/sites\/37\/2025\/04\/uchwaly-nr.-05-12.2025-przedstawiciele-w-wydzialowych-radach.docx\">Uchwa\u0142a nr 05.2025<\/a><\/li>\n\n\n\n<li><a href=\"https:\/\/samorzad.uksw.edu.pl\/wp-content\/uploads\/sites\/37\/2025\/04\/Uchwala-nr.-13.2025.docx\">Uchwa\u0142a nr 13.2025<\/a><\/li>\n\n\n\n<li><a href=\"https:\/\/samorzad.uksw.edu.pl\/wp-content\/uploads\/sites\/37\/2025\/04\/uchwala-nr.-14.3035.docx\">Uchwa\u0142a nr 14.2025<\/a><\/li>\n\n\n\n<li><a href=\"https:\/\/samorzad.uksw.edu.pl\/wp-content\/uploads\/sites\/37\/2025\/04\/uchwala-nr.-15.2025.docx\">Uchwa\u0142a nr 15.2025<\/a><\/li>\n<\/ul>\n\n\n\n<h3 class=\"wp-block-heading\"><br>WRS WMP<\/h3>\n\n\n\n<ul class=\"wp-block-list\">\n<li><a href=\"https:\/\/samorzad.uksw.edu.pl\/wp-content\/uploads\/sites\/37\/2025\/04\/Uchwala-1.2025-w-sprawie-wyboru-Przewodniczacego-Wydzialowej-Rady-Studentow-Wydzialu-Filozofii-Chrzescijanskiej.docx\">Uchwa\u0142a 1.<\/a><a href=\"https:\/\/samorzad.uksw.edu.pl\/wp-content\/uploads\/sites\/37\/2025\/10\/WMP.1.2025.pdf\">2<\/a><a href=\"https:\/\/samorzad.uksw.edu.pl\/wp-content\/uploads\/sites\/37\/2025\/04\/Uchwala-1.2025-w-sprawie-wyboru-Przewodniczacego-Wydzialowej-Rady-Studentow-Wydzialu-Filozofii-Chrzescijanskiej.docx\">025<\/a><\/li>\n\n\n\n<li><a href=\"https:\/\/samorzad.uksw.edu.pl\/wp-content\/uploads\/sites\/37\/2025\/10\/WMP.2.2025.pdf\">Uchwa\u0142a 2.2025<\/a><\/li>\n\n\n\n<li><a href=\"https:\/\/samorzad.uksw.edu.pl\/wp-content\/uploads\/sites\/37\/2025\/10\/WMP.3.2025.pdf\">Uchwa\u0142a 3.2025<\/a><\/li>\n\n\n\n<li><a href=\"https:\/\/samorzad.uksw.edu.pl\/wp-content\/uploads\/sites\/37\/2025\/10\/WMP.4.2025.pdf\">Uchwa\u0142a 4.2025<\/a><\/li>\n\n\n\n<li><a href=\"https:\/\/samorzad.uksw.edu.pl\/wp-content\/uploads\/sites\/37\/2025\/10\/WMP.5.2025.pdf\">Uchwa\u0142a 5.2025<\/a><\/li>\n\n\n\n<li><a href=\"https:\/\/samorzad.uksw.edu.pl\/wp-content\/uploads\/sites\/37\/2025\/10\/WMP.6.2025.pdf\">Uchwa\u0142a 6.2025<\/a><\/li>\n\n\n\n<li><a href=\"https:\/\/samorzad.uksw.edu.pl\/wp-content\/uploads\/sites\/37\/2025\/10\/WMP.7.2025.pdf\">Uchwa\u0142a 7.2025<\/a><\/li>\n<\/ul>\n\n\n\n<h3 class=\"wp-block-heading\"><br>WRS WNH<\/h3>\n\n\n\n<ul class=\"wp-block-list\">\n<li><a href=\"https:\/\/samorzad.uksw.edu.pl\/wp-content\/uploads\/sites\/37\/2025\/05\/WNH-Uchwala-0.1-2024-r.docx\">Uchwa\u0142a 1\/2024<\/a><\/li>\n\n\n\n<li><a href=\"https:\/\/samorzad.uksw.edu.pl\/wp-content\/uploads\/sites\/37\/2025\/05\/WNH-Uchwala-0.2-2024-r.docx\">Uchwa\u0142a 2\/2024<\/a><\/li>\n\n\n\n<li><a href=\"https:\/\/samorzad.uksw.edu.pl\/wp-content\/uploads\/sites\/37\/2025\/05\/WNH-Uchwala-0.3-2024-r.docx\">Uchwa\u0142a 3\/2024<\/a><\/li>\n\n\n\n<li><a href=\"https:\/\/samorzad.uksw.edu.pl\/wp-content\/uploads\/sites\/37\/2025\/05\/WNH-Uchwala-1.docx\">Uchwa\u0142a 1\/2025<\/a><\/li>\n\n\n\n<li><a href=\"https:\/\/samorzad.uksw.edu.pl\/wp-content\/uploads\/sites\/37\/2025\/05\/WNH-Uchwala-2.docx\">Uchwa\u0142a 2\/2025<\/a><\/li>\n\n\n\n<li><a href=\"https:\/\/samorzad.uksw.edu.pl\/wp-content\/uploads\/sites\/37\/2025\/05\/WNH-Uchwala-3.docx\">Uchwa\u0142a 3\/2025<\/a><\/li>\n\n\n\n<li><a href=\"https:\/\/samorzad.uksw.edu.pl\/wp-content\/uploads\/sites\/37\/2025\/05\/WNH-Uchwala-4.docx\">Uchwa\u0142a 4\/2025<\/a><\/li>\n\n\n\n<li><a href=\"https:\/\/samorzad.uksw.edu.pl\/wp-content\/uploads\/sites\/37\/2025\/05\/WNH-Uchwala-5.docx\">Uchwa\u0142a 5\/2025<\/a><\/li>\n\n\n\n<li><a href=\"https:\/\/samorzad.uksw.edu.pl\/wp-content\/uploads\/sites\/37\/2025\/05\/WNH-Uchwala-6.docx\">Uchwa\u0142a 6\/2025<\/a><\/li>\n\n\n\n<li><a href=\"https:\/\/samorzad.uksw.edu.pl\/wp-content\/uploads\/sites\/37\/2025\/05\/WNH-Uchwala-7.docx\">Uchwa\u0142a 7\/2025<\/a><\/li>\n\n\n\n<li><a href=\"https:\/\/samorzad.uksw.edu.pl\/wp-content\/uploads\/sites\/37\/2025\/05\/WNH-Uchwala-8.docx\">Uchwa\u0142a 8\/2025<\/a><\/li>\n\n\n\n<li><a href=\"https:\/\/samorzad.uksw.edu.pl\/wp-content\/uploads\/sites\/37\/2025\/05\/WNH-Uchwala-9.docx\">Uchwa\u0142a 9\/2025<\/a><\/li>\n\n\n\n<li><a href=\"https:\/\/samorzad.uksw.edu.pl\/wp-content\/uploads\/sites\/37\/2025\/05\/WNH-Uchwala-10.docx\">Uchwa\u0142a 10\/2025<\/a><\/li>\n\n\n\n<li><a href=\"https:\/\/samorzad.uksw.edu.pl\/wp-content\/uploads\/sites\/37\/2025\/05\/WNH-Uchwala-11.docx\">Uchwa\u0142a 11\/2025<\/a><\/li>\n\n\n\n<li><a href=\"https:\/\/samorzad.uksw.edu.pl\/wp-content\/uploads\/sites\/37\/2025\/05\/WNH-Uchwala-12.docx\">Uchwa\u0142a 12\/2025<\/a><\/li>\n\n\n\n<li><a href=\"https:\/\/samorzad.uksw.edu.pl\/wp-content\/uploads\/sites\/37\/2025\/05\/WNH-Uchwala-13.docx\">Uchwa\u0142a 13\/2025<\/a><\/li>\n\n\n\n<li><a href=\"https:\/\/samorzad.uksw.edu.pl\/wp-content\/uploads\/sites\/37\/2025\/05\/WNH-Uchwala-14.docx\">Uchwa\u0142a 14\/2025<\/a><\/li>\n\n\n\n<li><a href=\"https:\/\/samorzad.uksw.edu.pl\/wp-content\/uploads\/sites\/37\/2025\/05\/WNH-Uchwala-15.docx\">Uchwa\u0142a 15\/2025<\/a><\/li>\n<\/ul>\n\n\n\n<h3 class=\"wp-block-heading\"><br>WRS WNHS<\/h3>\n\n\n\n<ul class=\"wp-block-list\">\n<li><a href=\"https:\/\/samorzad.uksw.edu.pl\/wp-content\/uploads\/sites\/37\/2025\/04\/WRS-WNHs-U-1.2025.docx\">WRS WNHs U 1.2025<\/a><\/li>\n\n\n\n<li><a href=\"https:\/\/samorzad.uksw.edu.pl\/wp-content\/uploads\/sites\/37\/2025\/04\/WRS-WNHs-U-2.2025.docx\">WRS WNHs U 2.2025<\/a><\/li>\n\n\n\n<li><a href=\"https:\/\/samorzad.uksw.edu.pl\/wp-content\/uploads\/sites\/37\/2025\/04\/WRS-WNHs-U-3.2025.docx\">WRS WNHs U 3.2025<\/a><\/li>\n\n\n\n<li><a href=\"https:\/\/samorzad.uksw.edu.pl\/wp-content\/uploads\/sites\/37\/2025\/04\/WRS-WNHs-U-4.2025.docx\">WRS WNHs U 4.2025<\/a><\/li>\n\n\n\n<li><a href=\"https:\/\/samorzad.uksw.edu.pl\/wp-content\/uploads\/sites\/37\/2025\/04\/WRS-WNHs-U-5.2025.docx\">WRS WNHs U 5.2025<\/a><\/li>\n\n\n\n<li><a href=\"https:\/\/samorzad.uksw.edu.pl\/wp-content\/uploads\/sites\/37\/2025\/04\/WRS-WNHs-U-6.2025.docx\">WRS WNHs U 6.2025<\/a><\/li>\n\n\n\n<li><a href=\"https:\/\/samorzad.uksw.edu.pl\/wp-content\/uploads\/sites\/37\/2025\/04\/WRS-WNHs-U.-07.2025.docx\">WRS WNHs U. 7.2025<\/a><\/li>\n\n\n\n<li><a href=\"https:\/\/samorzad.uksw.edu.pl\/wp-content\/uploads\/sites\/37\/2025\/04\/WRS-WNHs-U.8.2025.docx\">WRS WNHs U.8.2025<\/a><\/li>\n\n\n\n<li><a href=\"https:\/\/samorzad.uksw.edu.pl\/wp-content\/uploads\/sites\/37\/2025\/04\/WRS-WNHs-U.9.2025.docx\">WRS WNHs U.9.2025<\/a><\/li>\n\n\n\n<li><a href=\"https:\/\/samorzad.uksw.edu.pl\/wp-content\/uploads\/sites\/37\/2025\/04\/WRS-WNHs-U.10.2025.docx\">WRS WNHs U.10.2025<\/a><\/li>\n\n\n\n<li><a href=\"https:\/\/samorzad.uksw.edu.pl\/wp-content\/uploads\/sites\/37\/2025\/06\/WRS-WNHs-U.11.2025.docx\">WRS WNHs U.11.2025<\/a><\/li>\n\n\n\n<li><a href=\"https:\/\/samorzad.uksw.edu.pl\/wp-content\/uploads\/sites\/37\/2025\/06\/WRS-WNHS-U.12.2025.docx\">WRS WNHs U.12.2025<\/a><\/li>\n\n\n\n<li><a href=\"https:\/\/samorzad.uksw.edu.pl\/wp-content\/uploads\/sites\/37\/2025\/06\/WRS-WNHs-U.13.2025.docx\">WRS WNHs U.13.2025<\/a><\/li>\n\n\n\n<li><a href=\"https:\/\/samorzad.uksw.edu.pl\/wp-content\/uploads\/sites\/37\/2025\/10\/WRS-WNHs-U.14.2025.pdf\">WRS WNHs U.14.2025<\/a><\/li>\n\n\n\n<li><a href=\"https:\/\/samorzad.uksw.edu.pl\/wp-content\/uploads\/sites\/37\/2025\/10\/WRS-WNHs-U.15.2025.pdf\">WRS WNHs U.15.2025<\/a><\/li>\n\n\n\n<li><a href=\"https:\/\/samorzad.uksw.edu.pl\/wp-content\/uploads\/sites\/37\/2025\/10\/WRS-WNHs-U.16.2025.pdf\">WRS WNHs U.16.2025<\/a><\/li>\n<\/ul>\n\n\n\n<h3 class=\"wp-block-heading\"><br>WRS WNP<\/h3>\n\n\n\n<ul class=\"wp-block-list\">\n<li><a href=\"https:\/\/samorzad.uksw.edu.pl\/wp-content\/uploads\/sites\/37\/2025\/05\/Uchwala-12025.docx\">Uchwa\u0142a 1\/2025<\/a><\/li>\n\n\n\n<li><a href=\"https:\/\/samorzad.uksw.edu.pl\/wp-content\/uploads\/sites\/37\/2025\/05\/Uchwala22025.docx\">Uchwa\u0142a 2\/2025<\/a><\/li>\n<\/ul>\n\n\n\n<h3 class=\"wp-block-heading\"><br>WRS WPK<\/h3>\n\n\n\n<ul class=\"wp-block-list\">\n<li><a href=\"https:\/\/samorzad.uksw.edu.pl\/wp-content\/uploads\/sites\/37\/2025\/05\/Uchwala-12025-w-sprawie-wyboru-Przewodniczacego-Wydzialowej-Rady-Studentow-Wydzialu-Prawa-Kanonicznego-UKSW.pdf\"><strong>Uchwa\u0142a 1\/2025<\/strong> w sprawie wyboru Przewodnicz\u0105cego Wydzia\u0142owej Rady Student\u00f3w Wydzia\u0142u Prawa Kanonicznego UKSW<\/a><\/li>\n\n\n\n<li><a href=\"https:\/\/samorzad.uksw.edu.pl\/wp-content\/uploads\/sites\/37\/2025\/05\/Uchwala-22025-w-sprawie-wyboru-Wiceprzewodniczacego-Wydzialowej-Rady-Studentow-Wydzialu-Prawa-Kanonicznego-UKSW.pdf\"><strong>Uchwa\u0142a 2\/2025<\/strong> w sprawie wyboru Wiceprzewodnicz\u0105cego Wydzia\u0142owej Rady Student\u00f3w Wydzia\u0142u Prawa Kanonicznego UKSW<\/a><\/li>\n\n\n\n<li><a href=\"https:\/\/samorzad.uksw.edu.pl\/wp-content\/uploads\/sites\/37\/2025\/05\/Uchwala-32025-w-sprawie-wyboru-Sekretarza-Wydzialowej-Rady-Studentow-Wydzialu-Prawa-Kanonicznego-UKSW.pdf\"><strong>Uchwa\u0142a 3\/2025<\/strong> w sprawie wyboru Sekretarza Wydzia\u0142owej Rady Student\u00f3w Wydzia\u0142u Prawa Kanonicznego UKSW<\/a><\/li>\n<\/ul>\n\n\n\n<h3 class=\"wp-block-heading\"><br>WRS WPiA<\/h3>\n\n\n\n<ul class=\"wp-block-list\">\n<li><a href=\"https:\/\/samorzad.uksw.edu.pl\/wp-content\/uploads\/sites\/37\/2025\/04\/Uchwala-01.2025-w-sprawie-powolania-Przewodniczacego-WRS.pdf\">Uchwa\u0142a 01.2025<\/a><\/li>\n\n\n\n<li><a href=\"https:\/\/samorzad.uksw.edu.pl\/wp-content\/uploads\/sites\/37\/2025\/04\/Uchwala-02.2025-w-sprawie-powolania-Wiceprzewodniczacego-WRS.pdf\">Uchwa\u0142a 02.2025<\/a><\/li>\n\n\n\n<li><a href=\"https:\/\/samorzad.uksw.edu.pl\/wp-content\/uploads\/sites\/37\/2025\/04\/Uchwala-03.2025-w-sprawie-powolania-Sekretarza-WRS.pdf\">Uchwa\u0142a 03.2025<\/a><\/li>\n\n\n\n<li><a href=\"https:\/\/samorzad.uksw.edu.pl\/wp-content\/uploads\/sites\/37\/2025\/04\/Uchwala-04.2025.pdf\">Uchwa\u0142a 04.2025<\/a><\/li>\n\n\n\n<li><a href=\"https:\/\/samorzad.uksw.edu.pl\/wp-content\/uploads\/sites\/37\/2025\/04\/Uchwala-05.2025.pdf\">Uchwa\u0142a 05.2025<\/a><\/li>\n\n\n\n<li><a href=\"https:\/\/samorzad.uksw.edu.pl\/wp-content\/uploads\/sites\/37\/2025\/04\/Uchwala-06.2025.pdf\">Uchwa\u0142a 06.2025<\/a><\/li>\n\n\n\n<li><a href=\"https:\/\/samorzad.uksw.edu.pl\/wp-content\/uploads\/sites\/37\/2025\/04\/Uchwala-07.2025.pdf\">Uchwa\u0142a 07.2025<\/a><\/li>\n\n\n\n<li><a href=\"https:\/\/samorzad.uksw.edu.pl\/wp-content\/uploads\/sites\/37\/2025\/04\/Uchwala-08.2025.pdf\">Uchwa\u0142a 08.2025<\/a><\/li>\n\n\n\n<li><a href=\"https:\/\/samorzad.uksw.edu.pl\/wp-content\/uploads\/sites\/37\/2025\/04\/Uchwala-09.2025.pdf\">Uchwa\u0142a 09.2025<\/a><\/li>\n\n\n\n<li><a href=\"https:\/\/samorzad.uksw.edu.pl\/wp-content\/uploads\/sites\/37\/2025\/04\/Uchwala-10.2025.pdf\">Uchwa\u0142a 10.2025<\/a><\/li>\n\n\n\n<li><a href=\"https:\/\/samorzad.uksw.edu.pl\/wp-content\/uploads\/sites\/37\/2025\/04\/Uchwala-11.2025.pdf\">Uchwa\u0142a 11.2025<\/a><\/li>\n<\/ul>\n\n\n\n<h3 class=\"wp-block-heading\"><br>WRS WSE<\/h3>\n\n\n\n<ul class=\"wp-block-list\">\n<li><a href=\"https:\/\/samorzad.uksw.edu.pl\/wp-content\/uploads\/sites\/37\/2025\/04\/Uchwala-1-WRS-WSE-.pdf\">Uchwa\u0142a 1 WRS WSE<\/a><\/li>\n\n\n\n<li><a href=\"https:\/\/samorzad.uksw.edu.pl\/wp-content\/uploads\/sites\/37\/2025\/04\/Uchwala-2-WRS-WSE-1.pdf\">Uchwa\u0142a 2 WRS WSE<\/a><\/li>\n\n\n\n<li><a href=\"https:\/\/samorzad.uksw.edu.pl\/wp-content\/uploads\/sites\/37\/2025\/04\/Uchwala-3-WRS-WSE-1.pdf\">Uchwa\u0142a 3 WRS WSE<\/a><\/li>\n\n\n\n<li><a href=\"https:\/\/samorzad.uksw.edu.pl\/wp-content\/uploads\/sites\/37\/2025\/04\/uchwala-4-1.pdf\">Uchwa\u0142a 4 WRS WSE<\/a><\/li>\n\n\n\n<li><a href=\"https:\/\/samorzad.uksw.edu.pl\/wp-content\/uploads\/sites\/37\/2025\/04\/Uchwala-5-1.pdf\">Uchwa\u0142a 5 WRS WSE<\/a><\/li>\n\n\n\n<li><a href=\"https:\/\/samorzad.uksw.edu.pl\/wp-content\/uploads\/sites\/37\/2025\/04\/Uchwala-6.pdf\">Uchwa\u0142a 6 WRS WSE<\/a><\/li>\n\n\n\n<li><a href=\"https:\/\/samorzad.uksw.edu.pl\/wp-content\/uploads\/sites\/37\/2025\/04\/Uchwala-7-WRS-WSE.pdf\">Uchwa\u0142a 7 WRS WSE<\/a><\/li>\n\n\n\n<li><a href=\"https:\/\/samorzad.uksw.edu.pl\/wp-content\/uploads\/sites\/37\/2025\/04\/Uchwala-8-WRS-WSE.pdf\">Uchwa\u0142a 8 WRS WSE<\/a><\/li>\n\n\n\n<li><a href=\"https:\/\/samorzad.uksw.edu.pl\/wp-content\/uploads\/sites\/37\/2025\/04\/Uchwala-9-WRS-WSE.pdf\">Uchwa\u0142a 9 WRS WSE<\/a><\/li>\n\n\n\n<li><a href=\"https:\/\/samorzad.uksw.edu.pl\/wp-content\/uploads\/sites\/37\/2025\/04\/Uchwala-10-WRS-WSE.pdf\">Uchwa\u0142a 10 WRS WSE<\/a><\/li>\n\n\n\n<li><a href=\"https:\/\/samorzad.uksw.edu.pl\/wp-content\/uploads\/sites\/37\/2025\/04\/Uchwala-11-WRS-WSE.pdf\">Uchwa\u0142a 11 WRS WSE<\/a><\/li>\n\n\n\n<li><a href=\"https:\/\/samorzad.uksw.edu.pl\/wp-content\/uploads\/sites\/37\/2025\/04\/Uchwala-12-WRS-WSE.pdf\">Uchwa\u0142a 12 WRS WSE<\/a><\/li>\n\n\n\n<li><a href=\"https:\/\/samorzad.uksw.edu.pl\/wp-content\/uploads\/sites\/37\/2025\/04\/Uchwala-13-WRS-WSE.pdf\">Uchwa\u0142a 13 WRS WSE<\/a><\/li>\n\n\n\n<li><a href=\"https:\/\/samorzad.uksw.edu.pl\/wp-content\/uploads\/sites\/37\/2025\/04\/Uchwala-14-WRS-WSE.pdf\">Uchwa\u0142a 14 WRS WSE<\/a><\/li>\n\n\n\n<li><a href=\"https:\/\/samorzad.uksw.edu.pl\/wp-content\/uploads\/sites\/37\/2025\/04\/Uchwala-15-WRS-WSE.pdf\">Uchwa\u0142a 15 WRS WSE<\/a><\/li>\n<\/ul>\n\n\n\n<h3 class=\"wp-block-heading\"><br>WRS WSR<\/h3>\n\n\n\n<ul class=\"wp-block-list\">\n<li><a href=\"https:\/\/samorzad.uksw.edu.pl\/wp-content\/uploads\/sites\/37\/2025\/04\/Uchwala-nr.01_2025-WRS-WSR-UKSW.docx\">Uchwa\u0142a nr.01_2025 WRS WSR UKSW<\/a><\/li>\n\n\n\n<li><a href=\"https:\/\/samorzad.uksw.edu.pl\/wp-content\/uploads\/sites\/37\/2025\/05\/Uchwala-nr-1_2025-Wydzialowa-Rada-Studentow-WSR-.pdf\">Uchwa\u0142a 1\/2025<\/a><\/li>\n\n\n\n<li><a href=\"https:\/\/samorzad.uksw.edu.pl\/wp-content\/uploads\/sites\/37\/2025\/05\/Uchwala-nr-2_2025-Wydzialowa-Rada-Studentow-WSR-.pdf\">Uchwa\u0142a 2\/2025<\/a><\/li>\n\n\n\n<li><a href=\"https:\/\/samorzad.uksw.edu.pl\/wp-content\/uploads\/sites\/37\/2025\/05\/Uchwala-nr-3_2025-Wydzialowa-Rada-Studentow-WSR-.pdf\">Uchwa\u0142a 3\/2025<\/a><\/li>\n\n\n\n<li><a href=\"https:\/\/samorzad.uksw.edu.pl\/wp-content\/uploads\/sites\/37\/2025\/05\/Uchwala-nr-4_2025-Wydzialowa-Rada-Studentow-WSR-.pdf\">Uchwa\u0142a 4\/2025<\/a><\/li>\n\n\n\n<li><a href=\"https:\/\/samorzad.uksw.edu.pl\/wp-content\/uploads\/sites\/37\/2025\/05\/Uchwala-nr-5_2025-Wydzialowa-Rada-Studentow-WSR-.pdf\">Uchwa\u0142a 5\/2025<\/a><\/li>\n<\/ul>\n\n\n\n<h3 class=\"wp-block-heading\"><br>WRS WT<\/h3>\n\n\n\n<ul class=\"wp-block-list\">\n<li><a href=\"https:\/\/samorzad.uksw.edu.pl\/wp-content\/uploads\/sites\/37\/2025\/09\/Zeskanowane-dokumenty-2.pdf\">Uchwa\u0142y od 5 do 17<\/a><\/li>\n<\/ul>\n","protected":false},"excerpt":{"rendered":"<p>Uchwa\u0142y WRS Kadencja 2025\/26 WRS WBNS WRS WFCH WRS WMCM WRS WMP WRS WNH WRS WNHS WRS WNP WRS WPK WRS WPiA WRS WSE WRS WSR WRS WT Kadencja 2024\/25 WRS WBNS WRS WFCH WRS WMCM WRS WMP WRS WNH WRS WNHS WRS WNP WRS WPK WRS WPiA WRS WSE WRS WSR WRS WT<\/p>\n","protected":false},"author":590,"featured_media":0,"parent":524,"menu_order":3,"comment_status":"closed","ping_status":"closed","template":"page-templates\/template-sub-page.php","meta":{"_acf_changed":false,"inline_featured_image":false,"footnotes":"","_links_to":"","_links_to_target":""},"class_list":["post-605","page","type-page","status-publish","hentry"],"acf":[],"_links":{"self":[{"href":"https:\/\/samorzad.uksw.edu.pl\/pl\/wp-json\/wp\/v2\/pages\/605","targetHints":{"allow":["GET"]}}],"collection":[{"href":"https:\/\/samorzad.uksw.edu.pl\/pl\/wp-json\/wp\/v2\/pages"}],"about":[{"href":"https:\/\/samorzad.uksw.edu.pl\/pl\/wp-json\/wp\/v2\/types\/page"}],"author":[{"embeddable":true,"href":"https:\/\/samorzad.uksw.edu.pl\/pl\/wp-json\/wp\/v2\/users\/590"}],"replies":[{"embeddable":true,"href":"https:\/\/samorzad.uksw.edu.pl\/pl\/wp-json\/wp\/v2\/comments?post=605"}],"version-history":[{"count":0,"href":"https:\/\/samorzad.uksw.edu.pl\/pl\/wp-json\/wp\/v2\/pages\/605\/revisions"}],"up":[{"embeddable":true,"href":"https:\/\/samorzad.uksw.edu.pl\/pl\/wp-json\/wp\/v2\/pages\/524"}],"wp:attachment":[{"href":"https:\/\/samorzad.uksw.edu.pl\/pl\/wp-json\/wp\/v2\/media?parent=605"}],"curies":[{"name":"wp","href":"https:\/\/api.w.org\/{rel}","templated":true}]}}