{"id":571,"date":"2023-10-09T20:09:25","date_gmt":"2023-10-09T18:09:25","guid":{"rendered":"https:\/\/samorzad.uksw.edu.pl\/?page_id=571"},"modified":"2026-01-28T20:15:26","modified_gmt":"2026-01-28T19:15:26","slug":"sklady-wrs","status":"publish","type":"page","link":"https:\/\/samorzad.uksw.edu.pl\/organy-samorzadu\/wrs\/sklady-wrs\/","title":{"rendered":"Sk\u0142ady WRS"},"content":{"rendered":"\n<h4 class=\"wp-block-heading\"><strong>Wydzia\u0142 Biologii i Nauk o \u015arodowisku<\/strong><\/h4>\n\n\n\n<p><em>Na podstawie \u00a721 ust. 5 Regulaminu Samorz\u0105du Student\u00f3w Uniwersytetu Kardyna\u0142a Stefana Wyszy\u0144skiego w&nbsp;Warszawie z&nbsp;dnia 21 marca 2024 roku, obowi\u0105zki WRS pe\u0142ni Prezydium Parlamentu Samorz\u0105du Student\u00f3w UKSW<\/em>.<\/p>\n\n\n\n<ul class=\"wp-block-list\">\n<li><em>Wakat<\/em> &#8211; Przewodnicz\u0105cy<\/li>\n\n\n\n<li><em>Wakat<\/em> &#8211; Wiceprzewodnicz\u0105cy<\/li>\n\n\n\n<li><em>Wakat<\/em> &#8211; Sekretarz<\/li>\n\n\n\n<li>Alicja Ho\u0142osyniuk<\/li>\n\n\n\n<li>Matylda Kowalak<\/li>\n<\/ul>\n\n\n\n<h4 class=\"wp-block-heading\"><strong>Wydzia\u0142 Filozofii Chrze\u015bcija\u0144skiej<\/strong><\/h4>\n\n\n\n<ul class=\"wp-block-list\">\n<li>Jan Ospital &#8211; Przewodnicz\u0105cy<\/li>\n\n\n\n<li>Dawid Miszkiel &#8211; Wiceprzewodnicz\u0105cy<\/li>\n\n\n\n<li>Marcelina Skowronek &#8211; Sekretarz<\/li>\n\n\n\n<li>Gabriela Machal<\/li>\n\n\n\n<li>Amelia Czarnak &#8211; P\u0142awi\u0144ska<\/li>\n<\/ul>\n\n\n\n<h4 class=\"wp-block-heading\"><strong>Wydzia\u0142 Matematyczno \u2013 Przyrodniczy. Szko\u0142a Nauk \u015acis\u0142ych<\/strong><\/h4>\n\n\n\n<ul class=\"wp-block-list\">\n<li>Aleksander Abramowicz &#8211; Przewodnicz\u0105cy<\/li>\n\n\n\n<li>Patryk Pyrkosz &#8211; Wiceprzewodnicz\u0105cy<\/li>\n\n\n\n<li>Adam Kolanowski &#8211; Sekretarz<\/li>\n\n\n\n<li>Jolanta B\u0142a\u017cejewska <\/li>\n\n\n\n<li>Marcin Adamski<\/li>\n<\/ul>\n\n\n\n<h4 class=\"wp-block-heading\"><strong>Wydzia\u0142 Medyczny. Collegium Medicum<\/strong><\/h4>\n\n\n\n<ul class=\"wp-block-list\">\n<li>Joanna Cielecka &#8211; Przewodnicz\u0105ca<\/li>\n\n\n\n<li>Maria M\u0119dala &#8211; Wiceprzewodnicz\u0105ca<\/li>\n\n\n\n<li>Wiktoria Tobiczyk &#8211; Sekretarz<\/li>\n\n\n\n<li>Zuzanna G\u00f3rska<\/li>\n\n\n\n<li>Milena Kalita<\/li>\n<\/ul>\n\n\n\n<h4 class=\"wp-block-heading\"><strong>Wydzia\u0142 Nauk Historycznych<\/strong><\/h4>\n\n\n\n<ul class=\"wp-block-list\">\n<li>Jan Wrona &#8211; Przewodnicz\u0105cy<\/li>\n\n\n\n<li>Dominik Motel &#8211; Wiceprzewodnicz\u0105cy<\/li>\n\n\n\n<li>Julia Go\u0142\u0119biewska &#8211; Sekretarz<\/li>\n\n\n\n<li>Krzysztof Lig\u0119za<\/li>\n\n\n\n<li><em>Wakat<\/em><\/li>\n<\/ul>\n\n\n\n<h4 class=\"wp-block-heading\"><strong>Wydzia\u0142 Nauk Humanistycznych<\/strong><\/h4>\n\n\n\n<ul class=\"wp-block-list\">\n<li>Mateusz Kacprzak &#8211; Przewodnicz\u0105cy<\/li>\n\n\n\n<li>Daria Borkowska &#8211; Wiceprzewodnicz\u0105cy<\/li>\n\n\n\n<li>Tristan Thrun &#8211; Sekretarz<\/li>\n\n\n\n<li>Maria A. Kozak<\/li>\n\n\n\n<li><em><em>Wakat<\/em><\/em><\/li>\n\n\n\n<li><em><em>Wakat<\/em><\/em><\/li>\n<\/ul>\n\n\n\n<h4 class=\"wp-block-heading\"><strong>Wydzia\u0142 Nauk Pedagogicznych<\/strong><\/h4>\n\n\n\n<ul class=\"wp-block-list\">\n<li>Martyna \u015apiewak &#8211; Przewodnicz\u0105ca<\/li>\n\n\n\n<li>Carmen Galvani &#8211; Wiceprzewodnicz\u0105ca<\/li>\n\n\n\n<li>Magdalena Niedziela &#8211; Sekretarz<\/li>\n\n\n\n<li>Anna Ros\u0142on<\/li>\n\n\n\n<li>Dorota Mystkowska<\/li>\n<\/ul>\n\n\n\n<h4 class=\"wp-block-heading\"><strong>Wydzia\u0142 Prawa i Administracji<\/strong><\/h4>\n\n\n\n<ul class=\"wp-block-list\">\n<li>Natan Gawron &#8211; Przewodnicz\u0105cy<\/li>\n\n\n\n<li>Piotr Muszel &#8211; Wiceprzewodnicz\u0105cy<\/li>\n\n\n\n<li>Kacper Wojnarowski &#8211; Sekretarz <\/li>\n\n\n\n<li>Anna Stawi\u0144ska<\/li>\n\n\n\n<li>Marta Smukowska <\/li>\n\n\n\n<li>Jakub Z. Kochanowicz<\/li>\n\n\n\n<li><em>Wakat<\/em><\/li>\n<\/ul>\n\n\n\n<h4 class=\"wp-block-heading\"><strong>Wydzia\u0142 Prawa Kanonicznego<\/strong><\/h4>\n\n\n\n<ul class=\"wp-block-list\">\n<li>Maria A. Sok\u00f3\u0142 &#8211; Przewodnicz\u0105ca<\/li>\n\n\n\n<li>Wiktor W. Woroniecki &#8211; Krasi\u0144ski &#8211; Wiceprzewodnicz\u0105cy<\/li>\n\n\n\n<li>Jakub Z. Kochanowicz &#8211; Sekretarz<\/li>\n\n\n\n<li><em>Wakat<\/em><\/li>\n\n\n\n<li><em>Wakat<\/em><\/li>\n<\/ul>\n\n\n\n<h4 class=\"wp-block-heading\"><strong>Wydzia\u0142 Spo\u0142eczno-Ekonomiczny<\/strong><\/h4>\n\n\n\n<ul class=\"wp-block-list\">\n<li>Mateusz Rowicki &#8211; Przewodnicz\u0105cy<\/li>\n\n\n\n<li>Jakub Kami\u0144ski &#8211; Wiceprzewodnicz\u0105cy<\/li>\n\n\n\n<li>Anna Stawi\u0144ska &#8211; Sekretarz<\/li>\n\n\n\n<li>Piotr S\u0119k<\/li>\n\n\n\n<li>Oskar Szyma\u0144ski<\/li>\n\n\n\n<li>Kinga Rzemieniewska<\/li>\n<\/ul>\n\n\n\n<h4 class=\"wp-block-heading\"><strong>Wydzia\u0142 Studi\u00f3w nad Rodzin\u0105<\/strong><\/h4>\n\n\n\n<ul class=\"wp-block-list\">\n<li>Zuzanna Kurkowska &#8211; Przewodnicz\u0105ca<\/li>\n\n\n\n<li>Aleksandra \u017bmuda &#8211; Krasi\u0144ska &#8211; Wiceprzewodnicz\u0105ca<\/li>\n\n\n\n<li>El\u017cbieta Guzek &#8211; Sekretarz<\/li>\n\n\n\n<li>Natan Gawron<\/li>\n\n\n\n<li>Cecylia T. Jastrz\u0119bska<\/li>\n<\/ul>\n\n\n\n<h4 class=\"wp-block-heading\"><strong>Wydzia\u0142 Teologiczny<\/strong><\/h4>\n\n\n\n<ul class=\"wp-block-list\">\n<li>Artur K\u0142oczewiak &#8211; Przewodnicz\u0105cy<\/li>\n\n\n\n<li>Korneliusz Zieli\u0144ski &#8211; Wiceprzewodnicz\u0105cy<\/li>\n\n\n\n<li>Franciszek Pierepioka &#8211; Sekretarz<\/li>\n\n\n\n<li><em>Wakat<\/em><\/li>\n\n\n\n<li><em>Wakat<\/em><\/li>\n<\/ul>\n\n\n\n<p><\/p>\n","protected":false},"excerpt":{"rendered":"<p>Wydzia\u0142 Biologii i Nauk o \u015arodowisku Na podstawie \u00a721 ust. 5 Regulaminu Samorz\u0105du Student\u00f3w Uniwersytetu Kardyna\u0142a Stefana Wyszy\u0144skiego w&nbsp;Warszawie z&nbsp;dnia 21 marca 2024 roku, obowi\u0105zki WRS pe\u0142ni Prezydium Parlamentu Samorz\u0105du Student\u00f3w UKSW. Wydzia\u0142 Filozofii Chrze\u015bcija\u0144skiej Wydzia\u0142 Matematyczno \u2013 Przyrodniczy. Szko\u0142a Nauk \u015acis\u0142ych Wydzia\u0142 Medyczny. Collegium Medicum Wydzia\u0142 Nauk Historycznych Wydzia\u0142 Nauk Humanistycznych Wydzia\u0142 Nauk Pedagogicznych [&hellip;]<\/p>\n","protected":false},"author":594,"featured_media":0,"parent":524,"menu_order":0,"comment_status":"closed","ping_status":"closed","template":"page-templates\/template-sub-page.php","meta":{"_acf_changed":false,"inline_featured_image":false,"footnotes":"","_links_to":"","_links_to_target":""},"class_list":["post-571","page","type-page","status-publish","hentry"],"acf":[],"_links":{"self":[{"href":"https:\/\/samorzad.uksw.edu.pl\/pl\/wp-json\/wp\/v2\/pages\/571","targetHints":{"allow":["GET"]}}],"collection":[{"href":"https:\/\/samorzad.uksw.edu.pl\/pl\/wp-json\/wp\/v2\/pages"}],"about":[{"href":"https:\/\/samorzad.uksw.edu.pl\/pl\/wp-json\/wp\/v2\/types\/page"}],"author":[{"embeddable":true,"href":"https:\/\/samorzad.uksw.edu.pl\/pl\/wp-json\/wp\/v2\/users\/594"}],"replies":[{"embeddable":true,"href":"https:\/\/samorzad.uksw.edu.pl\/pl\/wp-json\/wp\/v2\/comments?post=571"}],"version-history":[{"count":0,"href":"https:\/\/samorzad.uksw.edu.pl\/pl\/wp-json\/wp\/v2\/pages\/571\/revisions"}],"up":[{"embeddable":true,"href":"https:\/\/samorzad.uksw.edu.pl\/pl\/wp-json\/wp\/v2\/pages\/524"}],"wp:attachment":[{"href":"https:\/\/samorzad.uksw.edu.pl\/pl\/wp-json\/wp\/v2\/media?parent=571"}],"curies":[{"name":"wp","href":"https:\/\/api.w.org\/{rel}","templated":true}]}}