{"id":568,"date":"2024-02-28T21:31:52","date_gmt":"2024-02-28T20:31:52","guid":{"rendered":"https:\/\/samorzad.uksw.edu.pl\/?page_id=568"},"modified":"2026-02-20T23:57:02","modified_gmt":"2026-02-20T22:57:02","slug":"posiedzenia-parlamentu","status":"publish","type":"page","link":"https:\/\/samorzad.uksw.edu.pl\/organy-samorzadu\/parlament\/posiedzenia-parlamentu\/","title":{"rendered":"Posiedzenia Parlamentu"},"content":{"rendered":"\n<p><\/p>\n\n\n\n<h3 class=\"wp-block-heading\"><strong>Kadencja 2023\/24<\/strong><\/h3>\n\n\n\n<p><strong>II Zwyczajne Posiedzenie Parlamentu Samorz\u0105du Student\u00f3w UKSW<\/strong> &#8211; 25.01.2024 r. godz. 17:00<br><a href=\"https:\/\/samorzad.uksw.edu.pl\/2024\/01\/13\/ii-posiedzenie-zwyczajne-parlamentu-samorzadu-studentow-uksw\/\">proponowany porz\u0105dek obrad.<\/a><\/p>\n\n\n\n<p><strong>III Zwyczajne Posiedzenie Parlamentu Samorz\u0105du Student\u00f3w UKSW<\/strong> &#8211; 19.02.2024 r. godz. 17:00<br><a href=\"https:\/\/samorzad.uksw.edu.pl\/2024\/02\/12\/iii-posiedzenie-zwyczajne-parlamentu-samorzadu-studentow-uksw\/\">proponowany porz\u0105dek obrad.<\/a><\/p>\n\n\n\n<p><strong>I Elekcyjne Posiedzenie Parlamentu Samorz\u0105du Student\u00f3w UKSW<\/strong> &#8211; 11.03.2024 r. godz. 17:00<br><a href=\"https:\/\/samorzad.uksw.edu.pl\/2024\/02\/28\/ii-posiedzenie-elekcyjne-parlamentu-samorzadu-studentow-uksw\/\">proponowany porz\u0105dek obrad.<\/a><\/p>\n\n\n\n<p><strong>IV Zwyczajne Posiedzenie Parlamentu Samorz\u0105du Student\u00f3w UKSW<\/strong> &#8211; 11.03.2024 r. godz. 18:00<br><a href=\"https:\/\/samorzad.uksw.edu.pl\/2024\/02\/28\/iv-posiedzenie-zwyczajne-parlamentu-samorzadu-studentow-uksw\/\">proponowany porz\u0105dek obrad.<\/a><\/p>\n\n\n\n<p><strong>V Zwyczajne Posiedzenie Parlamentu Samorz\u0105du Student\u00f3w UKSW<\/strong> &#8211; 15.04.2024 r. godz. 17:00<br><a href=\"https:\/\/samorzad.uksw.edu.pl\/2024\/03\/25\/v-zwyczajne-posiedzenie-parlamentu-samorzadu-studentow-uksw\/\">proponowany porz\u0105dek obrad.<\/a><\/p>\n\n\n\n<p><strong>VI Zwyczajne Posiedzenie Parlamentu Samorz\u0105du Student\u00f3w UKSW<\/strong> &#8211; 13.05.2024 r. godz. 17:00<br><a href=\"https:\/\/samorzad.uksw.edu.pl\/2024\/04\/30\/vi-zwyczajne-posiedzenie-parlamentu-samorzadu-studentow-uksw\/\">proponowany porz\u0105dek obrad.<\/a><\/p>\n\n\n\n<p><strong>VII Zwyczajne Posiedzenie Parlamentu Samorz\u0105du Student\u00f3w UKSW<\/strong> &#8211; 26.06.2024 r. godz. 17:00<br><a href=\"https:\/\/samorzad.uksw.edu.pl\/2024\/06\/11\/vii-zwyczajne-posiedzenie-parlamentu-samorzadu-studentow-uksw\/\">proponowany porz\u0105dek obrad.<\/a><\/p>\n\n\n\n<p><strong>VIII Zwyczajne Posiedzenie Parlamentu Samorz\u0105du Student\u00f3w UKSW<\/strong> &#8211; 30.10.2024 r. godz. 17:00<br><a href=\"https:\/\/samorzad.uksw.edu.pl\/2024\/10\/29\/viii-zwyczajne-posiedzenie-parlamentu-samorzadu-studentow-uksw\/\">proponowany porz\u0105dek obrad.<\/a><\/p>\n\n\n\n<p><strong>IX Zwyczajne Posiedzenie Parlamentu Samorz\u0105du Student\u00f3w UKSW<\/strong> &#8211; 30.10.2024 r. godz. 17:00<br><a href=\"https:\/\/samorzad.uksw.edu.pl\/2024\/11\/17\/ix-zwyczajne-posiedzenie-parlamentu-samorzadu-studentow-uksw\/\">proponowany porz\u0105dek obrad.<\/a><\/p>\n\n\n\n<p><strong>X Sprawozdawcze Posiedzenie Parlamentu Samorz\u0105du Student\u00f3w UKSW<\/strong> &#8211; 18.12.2024 r. godz. 17:00<br><a href=\"https:\/\/samorzad.uksw.edu.pl\/2024\/12\/07\/x-sprawozdawcze-posiedzenie-parlamentu-samorzadu-studentow-uksw\/\">proponowany porz\u0105dek obrad.<\/a><\/p>\n\n\n\n<h3 class=\"wp-block-heading\"><strong>Kadencja 2024\/25<\/strong><\/h3>\n\n\n\n<p><strong>I Elekcyjne Posiedzenie Parlamentu Samorz\u0105du Student\u00f3w UKSW<\/strong> &#8211; 18.12.2024 r. godz. 19:30<em>  <\/em>| <em><em>proponowany porz\u0105dek obrad<\/em><\/em><\/p>\n\n\n\n<p class=\"has-text-align-left\"><strong>I Zwyczajne Posiedzenie Parlamentu Samorz\u0105du Student\u00f3w UKSW<\/strong> &#8211; 23.01.2025 r. godz. 16:40, aula 114 w b. 21, ul. W\u00f3ycickiego 1\/3 | <em><a href=\"https:\/\/samorzad.uksw.edu.pl\/wp-content\/uploads\/sites\/37\/2025\/04\/Proponowany-porzadek-obrad-I-Zwyczajne-Posiedzenie-Parlamentu-SaS-UKSW.pdf\">proponowany porz\u0105dek obrad<\/a><\/em><\/p>\n\n\n\n<p><strong>II Zwyczajne Posiedzenie Parlamentu Samorz\u0105du Student\u00f3w UKSW<\/strong> &#8211; 26.02.2025 r. godz. 17:00, aula 106 w b. 23, ul. W\u00f3ycickiego 1\/3 | <em><a href=\"https:\/\/samorzad.uksw.edu.pl\/wp-content\/uploads\/sites\/37\/2025\/04\/Proponowany-porzadek-obrad-II-Zwyczajne-Posiedzenie-Parlamentu-SaS-UKSW.pdf\">proponowany porz\u0105dek obrad<\/a><\/em><\/p>\n\n\n\n<p><strong>III Zwyczajne Posiedzenie Parlamentu Samorz\u0105du Student\u00f3w UKSW<\/strong> &#8211; 25.03.2025 r. godz. 18:00, Aula Jana Paw\u0142a 2, Nowy Gmach, ul. Dewajtis 5 | <em><a href=\"https:\/\/samorzad.uksw.edu.pl\/wp-content\/uploads\/sites\/37\/2025\/04\/Proponowany-porzadek-obrad-III-Zwyczajne-Posiedzenie-Parlamentu-SaS-UKSW.pdf\">proponowany porz\u0105dek obrad<\/a><\/em><\/p>\n\n\n\n<p><strong>IV Zwyczajne Posiedzenie Parlamentu Samorz\u0105du Student\u00f3w UKSW<\/strong> &#8211; 23.04.2025 r. godz. 17:00 Platforma Google Meet &#8211; Posiedzenie Zdalne | <em><a href=\"https:\/\/samorzad.uksw.edu.pl\/wp-content\/uploads\/sites\/37\/2025\/04\/Proponowany-porzadek-obrad-IV-Zwyczajne-Posiedzenie-Parlamentu-SaS-UKSW.pdf\">proponowany porz\u0105dek obrad<\/a><\/em> | <em><a href=\"https:\/\/meet.google.com\/xit-iyes-fko\">link do posiedzenia<\/a><\/em><\/p>\n\n\n\n<p><strong>I Nadzwyczajne Posiedzenie Parlamentu Samorz\u0105du Student\u00f3w UKSW<\/strong> &#8211; 08.05.2025 r. godz. 17:00, aula 116 w b. 21, ul. W\u00f3ycickiego 1\/3 | <em><a href=\"https:\/\/samorzad.uksw.edu.pl\/wp-content\/uploads\/sites\/37\/2025\/05\/Proponowany-porzadek-obrad.pdf\">proponowany porz\u0105dek obrad<\/a><\/em><\/p>\n\n\n\n<p><strong>V Zwyczajne Posiedzenie Parlamentu Samorz\u0105du Student\u00f3w UKSW<\/strong> &#8211; 27.05.2025 r. godz. 18:00, aula 106 w b. 23, ul. W\u00f3ycickiego 1\/3 | <em><a href=\"https:\/\/samorzad.uksw.edu.pl\/wp-content\/uploads\/sites\/37\/2025\/05\/Proponowany-porzadek-obrad-1.pdf\">proponowany porz\u0105dek obrad<\/a><\/em><\/p>\n\n\n\n<p><strong>VI Zwyczajne Posiedzenie Parlamentu Samorz\u0105du Student\u00f3w UKSW<\/strong> &#8211; 26.06.2025 r. godz. 17:45, aula 108 w b. 23, ul. W\u00f3ycickiego 1\/3 | <em><a href=\"https:\/\/samorzad.uksw.edu.pl\/wp-content\/uploads\/sites\/37\/2025\/06\/Proponowany-porzadek-obrad.pdf\">proponowany porz\u0105dek obrad<\/a><\/em><\/p>\n\n\n\n<p><strong>VII Zwyczajne Posiedzenie Parlamentu Samorz\u0105du Student\u00f3w UKSW<\/strong> &#8211; 29.10.2025 r. godz. 17:30, aula 116 w b. 21, ul. W\u00f3ycickiego 1\/3 | <em><a href=\"https:\/\/samorzad.uksw.edu.pl\/2025\/10\/17\/vii-zwyczajne-posiedzenie-parlamentu-samorzadu-studentow-uksw\/\">proponowany porz\u0105dek obrad<\/a><\/em><\/p>\n\n\n\n<p><strong>VIII Zwyczajne Posiedzenie Parlamentu Samorz\u0105du Student\u00f3w UKSW<\/strong> &#8211; 27.11.2025 r. godz. 17:45, aula 106 w b. 23, ul. W\u00f3ycickiego 1\/3 | <em><a href=\"https:\/\/samorzad.uksw.edu.pl\/2025\/11\/20\/viii-zwyczajne-posiedzenie-parlamentu-samorzadu-studentow-uksw\/\">proponowany porz\u0105dek obrad<\/a><\/em><\/p>\n\n\n\n<p><strong>I&nbsp;Sprawozdawcze Posiedzenie Parlamentu Samorz\u0105du Student\u00f3w UKSW<\/strong> &#8211; 17.12.2025 r. godz. 17:00, aula 106 w b. 21, ul. W\u00f3ycickiego 1\/3 | <em><a href=\"https:\/\/samorzad.uksw.edu.pl\/2025\/12\/08\/i-sprawozdawcze-posiedzenie-parlamentu-samorzadu-studentow-uksw\/\">proponowany porz\u0105dek obrad<\/a><\/em><\/p>\n\n\n\n<h3 class=\"wp-block-heading\"><strong>Kadencja 2025\/26<\/strong><\/h3>\n\n\n\n<p><strong>I Elekcyjne Posiedzenie Parlamentu Samorz\u0105du Student\u00f3w UKSW<\/strong> &#8211; 17.12.2025 r. godz. 20:00, aula 106 w b. 21, ul. W\u00f3ycickiego 1\/3<em>  <\/em>| <em><em><a href=\"https:\/\/samorzad.uksw.edu.pl\/2025\/12\/10\/i-elekcyjne-posiedzenie-parlamentu-samorzadu-studentow-uksw\/\">proponowany porz\u0105dek obrad<\/a><\/em><\/em><\/p>\n\n\n\n<p><strong>I Zwyczajne Posiedzenie Parlamentu Samorz\u0105du Student\u00f3w UKSW<\/strong> &#8211; 27.01.2026 r. godz. 17:00, aula 107 w b. 23, ul. W\u00f3ycickiego 1\/3<em>  <\/em>| <em><a href=\"https:\/\/samorzad.uksw.edu.pl\/2026\/02\/20\/i-zwyczajne-posiedzenie-parlamentu-samorzadu-studentow-uksw\/\">proponowany porz\u0105dek obrad<\/a><\/em><\/p>\n\n\n\n<p><strong>II Zwyczajne Posiedzenie Parlamentu Samorz\u0105du Student\u00f3w UKSW<\/strong> &#8211; 23.02.2026 r. godz. 19:00, Platforma Google Meets &#8211; Posiedzenie Zdalne<em>  <\/em>| <em><a href=\"https:\/\/samorzad.uksw.edu.pl\/2025\/11\/20\/viii-zwyczajne-posiedzenie-parlamentu-samorzadu-studentow-uksw\/\">proponowany porz\u0105dek obrad<\/a><\/em> | <em><a href=\"https:\/\/meet.google.com\/jqt-wgvk-obw\">link do posiedzenia<\/a><\/em><\/p>\n\n\n\n<p><\/p>\n\n\n\n<p><\/p>\n","protected":false},"excerpt":{"rendered":"<p>Kadencja 2023\/24 II Zwyczajne Posiedzenie Parlamentu Samorz\u0105du Student\u00f3w UKSW &#8211; 25.01.2024 r. godz. 17:00proponowany porz\u0105dek obrad. III Zwyczajne Posiedzenie Parlamentu Samorz\u0105du Student\u00f3w UKSW &#8211; 19.02.2024 r. godz. 17:00proponowany porz\u0105dek obrad. I Elekcyjne Posiedzenie Parlamentu Samorz\u0105du Student\u00f3w UKSW &#8211; 11.03.2024 r. godz. 17:00proponowany porz\u0105dek obrad. IV Zwyczajne Posiedzenie Parlamentu Samorz\u0105du Student\u00f3w UKSW &#8211; 11.03.2024 r. godz. [&hellip;]<\/p>\n","protected":false},"author":590,"featured_media":0,"parent":18,"menu_order":4,"comment_status":"closed","ping_status":"closed","template":"page-templates\/template-sub-page.php","meta":{"_acf_changed":false,"inline_featured_image":false,"footnotes":"","_links_to":"","_links_to_target":""},"class_list":["post-568","page","type-page","status-publish","hentry"],"acf":[],"_links":{"self":[{"href":"https:\/\/samorzad.uksw.edu.pl\/pl\/wp-json\/wp\/v2\/pages\/568","targetHints":{"allow":["GET"]}}],"collection":[{"href":"https:\/\/samorzad.uksw.edu.pl\/pl\/wp-json\/wp\/v2\/pages"}],"about":[{"href":"https:\/\/samorzad.uksw.edu.pl\/pl\/wp-json\/wp\/v2\/types\/page"}],"author":[{"embeddable":true,"href":"https:\/\/samorzad.uksw.edu.pl\/pl\/wp-json\/wp\/v2\/users\/590"}],"replies":[{"embeddable":true,"href":"https:\/\/samorzad.uksw.edu.pl\/pl\/wp-json\/wp\/v2\/comments?post=568"}],"version-history":[{"count":0,"href":"https:\/\/samorzad.uksw.edu.pl\/pl\/wp-json\/wp\/v2\/pages\/568\/revisions"}],"up":[{"embeddable":true,"href":"https:\/\/samorzad.uksw.edu.pl\/pl\/wp-json\/wp\/v2\/pages\/18"}],"wp:attachment":[{"href":"https:\/\/samorzad.uksw.edu.pl\/pl\/wp-json\/wp\/v2\/media?parent=568"}],"curies":[{"name":"wp","href":"https:\/\/api.w.org\/{rel}","templated":true}]}}