{"id":521,"date":"2023-10-09T11:31:33","date_gmt":"2023-10-09T09:31:33","guid":{"rendered":"https:\/\/samorzad.uksw.edu.pl\/?page_id=521"},"modified":"2026-02-19T13:40:32","modified_gmt":"2026-02-19T12:40:32","slug":"czlonkowie-parlamentu","status":"publish","type":"page","link":"https:\/\/samorzad.uksw.edu.pl\/organy-samorzadu\/parlament\/czlonkowie-parlamentu\/","title":{"rendered":"Cz\u0142onkowie Parlamentu"},"content":{"rendered":"\n<h4 class=\"wp-block-heading\">Prezydium Parlamentu Samorz\u0105du<\/h4>\n\n\n\n<ul class=\"wp-block-list\">\n<li><strong>Mateusz Kacprzak<\/strong> &#8211; Marsza\u0142ek Parlamentu, WNH<\/li>\n\n\n\n<li><strong>Aleksander Abramowicz<\/strong> &#8211; Wicemarsza\u0142ek Parlamentu, WMP<\/li>\n\n\n\n<li><strong>Korneliusz Zieli\u0144ski <\/strong>&#8211; Wicemarsza\u0142ek Parlamentu, WT<\/li>\n\n\n\n<li><strong>Maria Sok\u00f3\u0142<\/strong> &#8211; Sekretarz Parlamentu, WPK<\/li>\n<\/ul>\n\n\n\n<h4 class=\"wp-block-heading\">Pozostali cz\u0142onkowie Parlamentu Samorz\u0105du<\/h4>\n\n\n\n<ul class=\"wp-block-list\">\n<li>Mateusz Rowicki &#8211; WSE <\/li>\n\n\n\n<li>Jakub Kami\u0144ski &#8211; WSE<\/li>\n\n\n\n<li>Anna Stawi\u0144ska &#8211; WSE<\/li>\n\n\n\n<li>Zuzanna Kurkowska &#8211; WSR<\/li>\n\n\n\n<li>Aleksandra \u017bmuda &#8211; Krasi\u0144ska &#8211; WSR<\/li>\n\n\n\n<li>Wiktor Woroniecki &#8211; Krasi\u0144ski &#8211; WPK<\/li>\n\n\n\n<li>Jakub Kochanowicz &#8211; WPiA<\/li>\n\n\n\n<li>Marta Smukowska &#8211; WPiA<\/li>\n\n\n\n<li>Natan Gawron &#8211; WPiA<\/li>\n\n\n\n<li>Martyna \u015apiewak &#8211; WNP<\/li>\n\n\n\n<li>Carmen Galvani &#8211; WNP<\/li>\n\n\n\n<li>Dominik Motel &#8211; WNHS<\/li>\n\n\n\n<li>Krzysztof Lig\u0119za &#8211; WNHS<\/li>\n\n\n\n<li>Maria Kozak &#8211; WNH<\/li>\n\n\n\n<li>Tristan Thrun &#8211; WNH<\/li>\n\n\n\n<li>Patryk Pyrkosz &#8211; WMP<\/li>\n\n\n\n<li>Maria M\u0119dala &#8211; WMCM<\/li>\n\n\n\n<li>Wiktoria Tobiczyk &#8211; WMCM<\/li>\n\n\n\n<li>Zuzanna G\u00f3rska &#8211; WMCM<\/li>\n\n\n\n<li>Gabriela Machal &#8211; WFCH<\/li>\n\n\n\n<li>Jan Ospital &#8211; WFCH<\/li>\n\n\n\n<li>Amelia Czarnak-P\u0142awi\u0144ska &#8211; WFCH<\/li>\n\n\n\n<li>Alicja H. Ho\u0142osyniuk &#8211; WBNS<\/li>\n\n\n\n<li>Matylda Kowalak &#8211; WBNS<\/li>\n\n\n\n<li>Korneliusz Zieli\u0144ski &#8211; WT<\/li>\n\n\n\n<li>Artur K\u0142oczewiak &#8211; WT<\/li>\n<\/ul>\n","protected":false},"excerpt":{"rendered":"<p>Prezydium Parlamentu Samorz\u0105du Pozostali cz\u0142onkowie Parlamentu Samorz\u0105du<\/p>\n","protected":false},"author":594,"featured_media":0,"parent":18,"menu_order":2,"comment_status":"closed","ping_status":"closed","template":"page-templates\/template-sub-page.php","meta":{"_acf_changed":false,"inline_featured_image":false,"footnotes":"","_links_to":"","_links_to_target":""},"class_list":["post-521","page","type-page","status-publish","hentry"],"acf":[],"_links":{"self":[{"href":"https:\/\/samorzad.uksw.edu.pl\/pl\/wp-json\/wp\/v2\/pages\/521","targetHints":{"allow":["GET"]}}],"collection":[{"href":"https:\/\/samorzad.uksw.edu.pl\/pl\/wp-json\/wp\/v2\/pages"}],"about":[{"href":"https:\/\/samorzad.uksw.edu.pl\/pl\/wp-json\/wp\/v2\/types\/page"}],"author":[{"embeddable":true,"href":"https:\/\/samorzad.uksw.edu.pl\/pl\/wp-json\/wp\/v2\/users\/594"}],"replies":[{"embeddable":true,"href":"https:\/\/samorzad.uksw.edu.pl\/pl\/wp-json\/wp\/v2\/comments?post=521"}],"version-history":[{"count":0,"href":"https:\/\/samorzad.uksw.edu.pl\/pl\/wp-json\/wp\/v2\/pages\/521\/revisions"}],"up":[{"embeddable":true,"href":"https:\/\/samorzad.uksw.edu.pl\/pl\/wp-json\/wp\/v2\/pages\/18"}],"wp:attachment":[{"href":"https:\/\/samorzad.uksw.edu.pl\/pl\/wp-json\/wp\/v2\/media?parent=521"}],"curies":[{"name":"wp","href":"https:\/\/api.w.org\/{rel}","templated":true}]}}