{"id":510,"date":"2023-10-09T11:28:25","date_gmt":"2023-10-09T09:28:25","guid":{"rendered":"https:\/\/samorzad.uksw.edu.pl\/?page_id=510"},"modified":"2026-02-25T12:01:49","modified_gmt":"2026-02-25T11:01:49","slug":"prezydium-parlamentu","status":"publish","type":"page","link":"https:\/\/samorzad.uksw.edu.pl\/organy-samorzadu\/parlament\/prezydium-parlamentu\/","title":{"rendered":"Prezydium Parlamentu"},"content":{"rendered":"\n<h3 class=\"wp-block-heading has-text-align-center\">Sk\u0142ad Prezydium Parlamentu<\/h3>\n\n\n\n<div style=\"height:110px\" aria-hidden=\"true\" class=\"wp-block-spacer\"><\/div>\n\n\n\n<div class=\"wp-block-columns\">\n<div class=\"wp-block-column\">\n<h5 class=\"wp-block-heading has-text-align-center\"><br> MATEUSZ KACPRZAK <\/h5>\n\n\n\n<p class=\"has-text-align-center\"><em>Marsza\u0142ek<br>Parlamentu<\/em> SaS UKSW<br><br><\/p>\n<\/div>\n\n\n\n<div class=\"wp-block-column\">\n<h5 class=\"wp-block-heading has-text-align-center\"><br>KORNELIUSZ ZIELI\u0143SKI <\/h5>\n\n\n\n<p class=\"has-text-align-center\"><em>Wicemarsza\u0142ek<br>Parlamentu<\/em> SaS UKSW<br><br><\/p>\n\n\n\n<h5 class=\"wp-block-heading has-text-align-center\">ALEKSANDER ABRAMOWICZ <\/h5>\n\n\n\n<p class=\"has-text-align-center\"><em>Wicemarsza\u0142ek<br>Parlamentu<\/em> SaS UKSW<br><br><\/p>\n<\/div>\n\n\n\n<div class=\"wp-block-column\">\n<h5 class=\"wp-block-heading has-text-align-center\"><br> MARIA SOK\u00d3\u0141<\/h5>\n\n\n\n<p class=\"has-text-align-center\"><em>Sekretarz<br>Parlamentu<\/em> SaS UKSW<br><br><\/p>\n<\/div>\n<\/div>\n\n\n\n<p>e-mail: parlament@samorzad.uksw.edu.pl<\/p>\n\n\n\n<p><\/p>\n","protected":false},"excerpt":{"rendered":"<p>Sk\u0142ad Prezydium Parlamentu MATEUSZ KACPRZAK Marsza\u0142ekParlamentu SaS UKSW KORNELIUSZ ZIELI\u0143SKI Wicemarsza\u0142ekParlamentu SaS UKSW ALEKSANDER ABRAMOWICZ Wicemarsza\u0142ekParlamentu SaS UKSW MARIA SOK\u00d3\u0141 SekretarzParlamentu SaS UKSW e-mail: parlament@samorzad.uksw.edu.pl<\/p>\n","protected":false},"author":594,"featured_media":0,"parent":18,"menu_order":1,"comment_status":"closed","ping_status":"closed","template":"page-templates\/template-sub-page.php","meta":{"_acf_changed":false,"inline_featured_image":false,"footnotes":"","_links_to":"","_links_to_target":""},"class_list":["post-510","page","type-page","status-publish","hentry"],"acf":[],"_links":{"self":[{"href":"https:\/\/samorzad.uksw.edu.pl\/pl\/wp-json\/wp\/v2\/pages\/510","targetHints":{"allow":["GET"]}}],"collection":[{"href":"https:\/\/samorzad.uksw.edu.pl\/pl\/wp-json\/wp\/v2\/pages"}],"about":[{"href":"https:\/\/samorzad.uksw.edu.pl\/pl\/wp-json\/wp\/v2\/types\/page"}],"author":[{"embeddable":true,"href":"https:\/\/samorzad.uksw.edu.pl\/pl\/wp-json\/wp\/v2\/users\/594"}],"replies":[{"embeddable":true,"href":"https:\/\/samorzad.uksw.edu.pl\/pl\/wp-json\/wp\/v2\/comments?post=510"}],"version-history":[{"count":0,"href":"https:\/\/samorzad.uksw.edu.pl\/pl\/wp-json\/wp\/v2\/pages\/510\/revisions"}],"up":[{"embeddable":true,"href":"https:\/\/samorzad.uksw.edu.pl\/pl\/wp-json\/wp\/v2\/pages\/18"}],"wp:attachment":[{"href":"https:\/\/samorzad.uksw.edu.pl\/pl\/wp-json\/wp\/v2\/media?parent=510"}],"curies":[{"name":"wp","href":"https:\/\/api.w.org\/{rel}","templated":true}]}}