{"id":19,"date":"2023-03-28T12:40:27","date_gmt":"2023-03-28T10:40:27","guid":{"rendered":"https:\/\/jednostki.uksw.edu.pl\/samorzad\/?page_id=19"},"modified":"2025-03-03T21:14:01","modified_gmt":"2025-03-03T20:14:01","slug":"zarzad","status":"publish","type":"page","link":"https:\/\/samorzad.uksw.edu.pl\/organy-samorzadu\/zarzad\/","title":{"rendered":"Zarz\u0105d"},"content":{"rendered":"\n<p><br><strong>O Nas!<\/strong><br><\/p>\n\n\n<div class=\"wp-block-image\">\n<figure class=\"alignleft size-large is-resized\"><img loading=\"lazy\" decoding=\"async\" src=\"https:\/\/jednostki.uksw.edu.pl\/samorzad\/wp-content\/uploads\/sites\/37\/2023\/03\/image-1024x724.jpg\" alt=\"\" class=\"wp-image-5\" width=\"256\" height=\"181\" \/><\/figure><\/div>\n\n\n<p>Zarz\u0105d Samorz\u0105du Student\u00f3w tworzy zesp\u00f3\u0142 zgranych, kompetentnych i dbaj\u0105cych o interesy student\u00f3w os\u00f3b. Podejmujemy przemy\u015blane dzia\u0142ania \u2013 integrujemy bra\u0107 studenck\u0105 na wielu polach. Organizowane przez nas wydarzenia maj\u0105 na celu podnoszenie kompetencji kluczowych w rozwoju naukowym oraz spo\u0142ecznym. Jeste\u015bmy otwarci na nawi\u0105zywanie kontakt\u00f3w i prowadzenie rozm\u00f3w. Wierzymy, \u017ce wsp\u00f3lnymi si\u0142ami mo\u017cemy osi\u0105gn\u0105\u0107 wyznaczone cele. Do zobaczenia na korytarzach UKSW!<\/p>\n","protected":false},"excerpt":{"rendered":"<p>O Nas! Zarz\u0105d Samorz\u0105du Student\u00f3w tworzy zesp\u00f3\u0142 zgranych, kompetentnych i dbaj\u0105cych o interesy student\u00f3w os\u00f3b. Podejmujemy przemy\u015blane dzia\u0142ania \u2013 integrujemy bra\u0107 studenck\u0105 na wielu polach. Organizowane przez nas wydarzenia maj\u0105 na celu podnoszenie kompetencji kluczowych w rozwoju naukowym oraz spo\u0142ecznym. Jeste\u015bmy otwarci na nawi\u0105zywanie kontakt\u00f3w i prowadzenie rozm\u00f3w. Wierzymy, \u017ce wsp\u00f3lnymi si\u0142ami mo\u017cemy osi\u0105gn\u0105\u0107 wyznaczone [&hellip;]<\/p>\n","protected":false},"author":3,"featured_media":0,"parent":1180,"menu_order":0,"comment_status":"closed","ping_status":"closed","template":"page-templates\/template-sub-page.php","meta":{"_acf_changed":false,"inline_featured_image":false,"footnotes":"","_links_to":"","_links_to_target":""},"class_list":["post-19","page","type-page","status-publish","hentry"],"acf":[],"_links":{"self":[{"href":"https:\/\/samorzad.uksw.edu.pl\/pl\/wp-json\/wp\/v2\/pages\/19","targetHints":{"allow":["GET"]}}],"collection":[{"href":"https:\/\/samorzad.uksw.edu.pl\/pl\/wp-json\/wp\/v2\/pages"}],"about":[{"href":"https:\/\/samorzad.uksw.edu.pl\/pl\/wp-json\/wp\/v2\/types\/page"}],"author":[{"embeddable":true,"href":"https:\/\/samorzad.uksw.edu.pl\/pl\/wp-json\/wp\/v2\/users\/3"}],"replies":[{"embeddable":true,"href":"https:\/\/samorzad.uksw.edu.pl\/pl\/wp-json\/wp\/v2\/comments?post=19"}],"version-history":[{"count":0,"href":"https:\/\/samorzad.uksw.edu.pl\/pl\/wp-json\/wp\/v2\/pages\/19\/revisions"}],"up":[{"embeddable":true,"href":"https:\/\/samorzad.uksw.edu.pl\/pl\/wp-json\/wp\/v2\/pages\/1180"}],"wp:attachment":[{"href":"https:\/\/samorzad.uksw.edu.pl\/pl\/wp-json\/wp\/v2\/media?parent=19"}],"curies":[{"name":"wp","href":"https:\/\/api.w.org\/{rel}","templated":true}]}}