{"id":136,"date":"2023-10-09T08:26:42","date_gmt":"2023-10-09T06:26:42","guid":{"rendered":"https:\/\/samorzad.uksw.edu.pl\/?page_id=136"},"modified":"2026-02-23T17:21:21","modified_gmt":"2026-02-23T16:21:21","slug":"strona-glowna","status":"publish","type":"page","link":"https:\/\/samorzad.uksw.edu.pl\/","title":{"rendered":"Strona g\u0142\u00f3wna"},"content":{"rendered":"<div class=\"\">\n\n        <div class=\"news_sec\">\n                <div class=\"container\"> \n                        <div class=\"row\">\n                                <div class=\"col-xl-10 col-lg-10 col-md-9 col-sm-12\">\n                                        <div class=\"heading_bg\">\n                                        <h2>Aktualno\u015bci<\/h2>\n                                        <\/div>\n                                <\/div>\n                                <div class=\"col-xl-2 col-lg-2 col-md-3 col-sm-12\">\n                                                                            <div class=\"heading_right\">\n                                        <a href=\"\/aktualnosci\/\" id=\"tabnext\"  class=\"more_btn\"> Wi\u0119cej<\/a>\n                                        <\/div>\n                                                                    <\/div>\n                        <\/div>\n\n\n                        <div class=\"news\">\n                        \n                                <button class=\"news_arrow_left\" title=\"Poprzedni slajd\" > <img decoding=\"async\" src=\"https:\/\/samorzad.uksw.edu.pl\/wp-content\/themes\/uksw\/images\/grey_arrow.svg\" class=\"am-prev pointer\"  alt=\"\"><\/button>\n\n\n                                    <div class=\"owl-carousel owl-2\">\n\n                                                                              <a href=\"https:\/\/samorzad.uksw.edu.pl\/?post_type=post&#038;p=1853\">\n                                            <div class=\"media-29101\">\n                                                    <div class=\"image_container\">\n                                                        <img decoding=\"async\" src=\"https:\/\/samorzad.uksw.edu.pl\/wp-content\/themes\/uksw\/images\/news_nophoto.png\" alt=\"\"  class=\"image\">\n                                                        <div class=\"overlay\">\n                                                            <div class=\"text\">\n                                                                    <div class=\"text1\">I Zwyczajne Posiedzenie Parlamentu Samorz\u0105du Student\u00f3w UKSW<\/div>\n                                                                    <div class=\"text2\"> Na\u00a0podstawie \u00a77 ust. 2 w\u00a0zwi\u0105zku z\u00a0\u00a715 ust. 4 Regulaminu Samorz\u0105du Student\u00f3w&#8230;<\/div>\n                                                            <\/div>\n                                                        <\/div>\n                                                    <\/div>\n                                            <\/div>\n                                        <\/a>\n\n                                                                                  <a href=\"https:\/\/samorzad.uksw.edu.pl\/?post_type=post&#038;p=1726\">\n                                            <div class=\"media-29101\">\n                                                    <div class=\"image_container\">\n                                                        <img decoding=\"async\" src=\"https:\/\/samorzad.uksw.edu.pl\/wp-content\/themes\/uksw\/images\/news_nophoto.png\" alt=\"\"  class=\"image\">\n                                                        <div class=\"overlay\">\n                                                            <div class=\"text\">\n                                                                    <div class=\"text1\">I Elekcyjne Posiedzenie Parlamentu Samorz\u0105du Student\u00f3w UKSW<\/div>\n                                                                    <div class=\"text2\"> Na podstawie \u00a715 ust. 2 Regulaminu Samorz\u0105du Student\u00f3w Uniwersytetu Kardyna\u0142a&#8230;<\/div>\n                                                            <\/div>\n                                                        <\/div>\n                                                    <\/div>\n                                            <\/div>\n                                        <\/a>\n\n                                                                                  <a href=\"https:\/\/samorzad.uksw.edu.pl\/?post_type=post&#038;p=1732\">\n                                            <div class=\"media-29101\">\n                                                    <div class=\"image_container\">\n                                                        <img decoding=\"async\" src=\"https:\/\/samorzad.uksw.edu.pl\/wp-content\/themes\/uksw\/images\/news_nophoto.png\" alt=\"\"  class=\"image\">\n                                                        <div class=\"overlay\">\n                                                            <div class=\"text\">\n                                                                    <div class=\"text1\">IV Zwyczajne Posiedzenie Parlamentu Samorz\u0105du Student\u00f3w UKSW<\/div>\n                                                                    <div class=\"text2\"> Marsza\u0142ek Mateusz Kacprzak na dzie\u0144 17 kwietnia 2026 r. zwo\u0142uje zwyczajne posiedzenie&#8230;<\/div>\n                                                            <\/div>\n                                                        <\/div>\n                                                    <\/div>\n                                            <\/div>\n                                        <\/a>\n\n                                                                                  <a href=\"https:\/\/samorzad.uksw.edu.pl\/?post_type=post&#038;p=1715\">\n                                            <div class=\"media-29101\">\n                                                    <div class=\"image_container\">\n                                                        <img decoding=\"async\" src=\"https:\/\/samorzad.uksw.edu.pl\/wp-content\/themes\/uksw\/images\/news_nophoto.png\" alt=\"\"  class=\"image\">\n                                                        <div class=\"overlay\">\n                                                            <div class=\"text\">\n                                                                    <div class=\"text1\">I Sprawozdawcze Posiedzenie Parlamentu Samorz\u0105du Student\u00f3w UKSW<\/div>\n                                                                    <div class=\"text2\"> Na podstawie \u00a77 ust. 2 w zwi\u0105zku z \u00a715 ust. 2 i 4 Regulaminu Samorz\u0105du Student\u00f3w&#8230;<\/div>\n                                                            <\/div>\n                                                        <\/div>\n                                                    <\/div>\n                                            <\/div>\n                                        <\/a>\n\n                                                                                  <a href=\"https:\/\/samorzad.uksw.edu.pl\/?post_type=post&#038;p=1687\">\n                                            <div class=\"media-29101\">\n                                                    <div class=\"image_container\">\n                                                        <img decoding=\"async\" src=\"https:\/\/samorzad.uksw.edu.pl\/wp-content\/themes\/uksw\/images\/news_nophoto.png\" alt=\"\"  class=\"image\">\n                                                        <div class=\"overlay\">\n                                                            <div class=\"text\">\n                                                                    <div class=\"text1\">Zwyczajne Posiedzenie WRS WNHS UKSW<\/div>\n                                                                    <div class=\"text2\"> Przewodnicz\u0105ca WRS WNHS Julia Go\u0142\u0119biewska zwo\u0142uje posiedzenie zwyczajne Wydzia\u0142owej&#8230;<\/div>\n                                                            <\/div>\n                                                        <\/div>\n                                                    <\/div>\n                                            <\/div>\n                                        <\/a>\n\n                                                                                  <a href=\"https:\/\/samorzad.uksw.edu.pl\/?post_type=post&#038;p=1643\">\n                                            <div class=\"media-29101\">\n                                                    <div class=\"image_container\">\n                                                        <img decoding=\"async\" src=\"https:\/\/samorzad.uksw.edu.pl\/wp-content\/themes\/uksw\/images\/news_nophoto.png\" alt=\"\"  class=\"image\">\n                                                        <div class=\"overlay\">\n                                                            <div class=\"text\">\n                                                                    <div class=\"text1\">II Zwyczajne Posiedzenie Parlamentu Samorz\u0105du Student\u00f3w UKSW<\/div>\n                                                                    <div class=\"text2\"> Na podstawie \u00a77 ust. 2 w zwi\u0105zku z \u00a715 ust. 4 Regulaminu Samorz\u0105du Student\u00f3w&#8230;<\/div>\n                                                            <\/div>\n                                                        <\/div>\n                                                    <\/div>\n                                            <\/div>\n                                        <\/a>\n\n                                                                                  <a href=\"https:\/\/samorzad.uksw.edu.pl\/?post_type=post&#038;p=1574\">\n                                            <div class=\"media-29101\">\n                                                    <div class=\"image_container\">\n                                                        <img decoding=\"async\" src=\"https:\/\/samorzad.uksw.edu.pl\/wp-content\/themes\/uksw\/images\/news_nophoto.png\" alt=\"\"  class=\"image\">\n                                                        <div class=\"overlay\">\n                                                            <div class=\"text\">\n                                                                    <div class=\"text1\">Zwyczajne Posiedzenie WRS WNHS UKSW<\/div>\n                                                                    <div class=\"text2\"> Przewodnicz\u0105ca WRS WNHS Julia Go\u0142\u0119biewska zwo\u0142uje posiedzenie zwyczajne Wydzia\u0142owej&#8230;<\/div>\n                                                            <\/div>\n                                                        <\/div>\n                                                    <\/div>\n                                            <\/div>\n                                        <\/a>\n\n                                                                                  <a href=\"https:\/\/samorzad.uksw.edu.pl\/?post_type=post&#038;p=1565\">\n                                            <div class=\"media-29101\">\n                                                    <div class=\"image_container\">\n                                                        <img decoding=\"async\" src=\"https:\/\/samorzad.uksw.edu.pl\/wp-content\/themes\/uksw\/images\/news_nophoto.png\" alt=\"\"  class=\"image\">\n                                                        <div class=\"overlay\">\n                                                            <div class=\"text\">\n                                                                    <div class=\"text1\">VII Zwyczajne Posiedzenie Parlamentu Samorz\u0105du Student\u00f3w UKSW<\/div>\n                                                                    <div class=\"text2\"> Na podstawie \u00a77 ust. 2 w zwi\u0105zku z \u00a715 ust. 4 Regulaminu Samorz\u0105du Student\u00f3w&#8230;<\/div>\n                                                            <\/div>\n                                                        <\/div>\n                                                    <\/div>\n                                            <\/div>\n                                        <\/a>\n\n                                                                                  <a href=\"https:\/\/samorzad.uksw.edu.pl\/?post_type=post&#038;p=1518\">\n                                            <div class=\"media-29101\">\n                                                    <div class=\"image_container\">\n                                                        <img decoding=\"async\" src=\"https:\/\/samorzad.uksw.edu.pl\/wp-content\/uploads\/sites\/37\/2025\/10\/b58d3050-4f86-489b-829e-319c002256ec-507x388.jpg\" alt=\"\"  class=\"image\">\n                                                        <div class=\"overlay\">\n                                                            <div class=\"text\">\n                                                                    <div class=\"text1\">R\u00f3\u017cowe skrzyneczki uzupe\u0142nione!<\/div>\n                                                                    <div class=\"text2\"> Akcja pod nazw\u0105 R\u00f3\u017cowa Skrzyneczka wspiera menstruuj\u0105ce kobiety. Fundacja walczy&#8230;<\/div>\n                                                            <\/div>\n                                                        <\/div>\n                                                    <\/div>\n                                            <\/div>\n                                        <\/a>\n\n                                                                                  <a href=\"https:\/\/samorzad.uksw.edu.pl\/?post_type=post&#038;p=1543\">\n                                            <div class=\"media-29101\">\n                                                    <div class=\"image_container\">\n                                                        <img decoding=\"async\" src=\"https:\/\/samorzad.uksw.edu.pl\/wp-content\/themes\/uksw\/images\/news_nophoto.png\" alt=\"\"  class=\"image\">\n                                                        <div class=\"overlay\">\n                                                            <div class=\"text\">\n                                                                    <div class=\"text1\">II Posiedzenie zwyczajne Wydzia\u0142owej Rady Student\u00f3w Wydzia\u0142u Filozofii&#8230;<\/div>\n                                                                    <div class=\"text2\"> Przewodnicz\u0105ca WRS WFCH, Wiktoria Ptaszek, zwo\u0142uje posiedzenie zwyczajne Wydzia\u0142owej&#8230;<\/div>\n                                                            <\/div>\n                                                        <\/div>\n                                                    <\/div>\n                                            <\/div>\n                                        <\/a>\n\n                                        \n                                    <\/div>\n                                \n                                \n                            \n                                <button class=\"news_arrow_right\" title=\"Nast\u0119pny slajd\" tabindex=\"0\"> <img decoding=\"async\" src=\"https:\/\/samorzad.uksw.edu.pl\/wp-content\/themes\/uksw\/images\/blue_arrow.svg\" class=\"pointer\"  alt=\"\"><\/button>\n                            \n                        <\/div>\n\n\n                <\/div>\n        <\/div>\n<\/div>\n\n\n\n<div class=\"\">\r\n\r\n\r\n    <div class=\"shortcuts_sec\">\r\n       <div class=\"container\">\r\n            <div class=\"row\">\r\n                <div class=\"col-xl-3 col-lg-3 col-md-3 col-sm-6 col-xs-6 shortcuts_sec_left hide\">\r\n\r\n                <\/div>\r\n                <div class=\"col-xl-6 col-lg-6 col-md-6 col-sm-12 col-xs-6\">\r\n                <div class=\"heading_bg1\">\r\n                <h2>Na skr\u00f3ty<\/h2>\r\n                <\/div>\r\n                <\/div>\r\n                <div class=\"col-xl-3 col-lg-3 col-md-3 col-sm-6 col-xs-6 shortcuts_sec_left hide\">\r\n\r\n                            <\/div>\r\n            <\/div>  \r\n\r\n            <div class=\"row\">\r\n            <div class=\"owl-carousel owl-13\">\r\n            \r\n<div class=\"col\">\r\n<a href=\"https:\/\/uksw.edu.pl\/\" title=\"Strona g\u0142\u00f3wna UKSW\" >\r\n<div class=\"short_box \">\r\n<div class=\"figure\">\r\n  <img decoding=\"async\" class=\"image-main\" id=\"Image0\" border=\"0\" src=\"https:\/\/samorzad.uksw.edu.pl\/wp-content\/uploads\/sites\/37\/2026\/01\/615584637_1293513159480677_8326118034736114560_n.jpg\" alt=\"\">\r\n  <img decoding=\"async\" class=\"image-hover\" src=\"https:\/\/samorzad.uksw.edu.pl\/wp-content\/uploads\/sites\/37\/2023\/10\/star-1.svg\" alt=\"\">\r\n<\/div>\r\n<\/div>\r\n  <div class=\"short_title\">Strona g\u0142\u00f3wna UKSW<\/div>\r\n                            <\/a>\r\n<\/div>\r\n\r\n \r\n<div class=\"col\">\r\n<a href=\"https:\/\/login.microsoftonline.com\" title=\"Office 365\" >\r\n<div class=\"short_box \">\r\n<div class=\"figure\">\r\n  <img decoding=\"async\" class=\"image-main\" id=\"Image1\" border=\"0\" src=\"https:\/\/samorzad.uksw.edu.pl\/wp-content\/uploads\/sites\/37\/2023\/10\/monitor-mobbile.svg\" alt=\"\">\r\n  <img decoding=\"async\" class=\"image-hover\" src=\"https:\/\/samorzad.uksw.edu.pl\/wp-content\/uploads\/sites\/37\/2023\/10\/monitor-mobbile-1.svg\" alt=\"\">\r\n<\/div>\r\n<\/div>\r\n  <div class=\"short_title\">Office 365<\/div>\r\n                            <\/a>\r\n<\/div>\r\n\r\n \r\n<div class=\"col\">\r\n<a href=\"https:\/\/csi.uksw.edu.pl\/uslugi\/eduroam\" title=\"EDUROAM\" >\r\n<div class=\"short_box \">\r\n<div class=\"figure\">\r\n  <img decoding=\"async\" class=\"image-main\" id=\"Image2\" border=\"0\" src=\"https:\/\/samorzad.uksw.edu.pl\/wp-content\/uploads\/sites\/37\/2023\/10\/it.svg\" alt=\"\">\r\n  <img decoding=\"async\" class=\"image-hover\" src=\"https:\/\/samorzad.uksw.edu.pl\/wp-content\/uploads\/sites\/37\/2023\/10\/it_hover.svg\" alt=\"\">\r\n<\/div>\r\n<\/div>\r\n  <div class=\"short_title\">EDUROAM<\/div>\r\n                            <\/a>\r\n<\/div>\r\n\r\n \r\n<div class=\"col\">\r\n<a href=\"https:\/\/csi.uksw.edu.pl\/dla-studentow\/mobilna-aplikacja-usos\" title=\"iUKSW\" >\r\n<div class=\"short_box \">\r\n<div class=\"figure\">\r\n  <img decoding=\"async\" class=\"image-main\" id=\"Image3\" border=\"0\" src=\"https:\/\/samorzad.uksw.edu.pl\/wp-content\/uploads\/sites\/37\/2023\/10\/mobilna.svg\" alt=\"\">\r\n  <img decoding=\"async\" class=\"image-hover\" src=\"https:\/\/samorzad.uksw.edu.pl\/wp-content\/uploads\/sites\/37\/2023\/10\/mobilna_hover.svg\" alt=\"\">\r\n<\/div>\r\n<\/div>\r\n  <div class=\"short_title\">iUKSW<\/div>\r\n                            <\/a>\r\n<\/div>\r\n\r\n \r\n<div class=\"col\">\r\n<a href=\"https:\/\/bazawiedzy.uksw.edu.pl\/\" title=\"Baza wiedzy\" >\r\n<div class=\"short_box \">\r\n<div class=\"figure\">\r\n  <img decoding=\"async\" class=\"image-main\" id=\"Image4\" border=\"0\" src=\"https:\/\/samorzad.uksw.edu.pl\/wp-content\/uploads\/sites\/37\/2023\/10\/teacher.svg\" alt=\"\">\r\n  <img decoding=\"async\" class=\"image-hover\" src=\"https:\/\/samorzad.uksw.edu.pl\/wp-content\/uploads\/sites\/37\/2023\/10\/teacher-1.svg\" alt=\"\">\r\n<\/div>\r\n<\/div>\r\n  <div class=\"short_title\">Baza wiedzy<\/div>\r\n                            <\/a>\r\n<\/div>\r\n\r\n \r\n <\/div> \r\n            <\/div>\r\n        <\/div>\r\n    <\/div>\r\n\r\n\r\n     \r\n\r\n   \r\n<\/div>\n\n<div class=\"\">\r\n\r\n\r\n    <div class=\"clients_sec\">\r\n<div class=\"container\">\r\n<div class=\"clients\">\r\n<button class=\"clients_arrow_left\"> <img decoding=\"async\" src=\"https:\/\/samorzad.uksw.edu.pl\/wp-content\/themes\/uksw\/images\/grey_arrow.svg\" alt=\"Poprzedni slajd\" class=\"am-prevp pointer\"><\/button>\r\n\r\n<div class=\"owl-carousel owl-3\">\r\n\r\n                          <div class=\"media-29101\">\r\n                <div class=\"clients1 project_box\">\r\n                    <a href=\"https:\/\/www.santander.pl\/klient-indywidualny\" target=\"_blank\" >\r\n                    <img decoding=\"async\" src=\"https:\/\/samorzad.uksw.edu.pl\/wp-content\/uploads\/sites\/37\/2023\/10\/SANTANDER_logo.png\" alt=\"Santander Bank Polska S.A.\" class=\"img_all\">\r\n                    <\/a>\r\n                <\/div>\r\n          <\/div>\r\n                    <div class=\"media-29101\">\r\n                <div class=\"clients1 project_box\">\r\n                    <a href=\"https:\/\/uksw.edu.pl\/wspolpraca\/fundacje\/fundacja-pro-polonia\/\" target=\"_blank\" >\r\n                    <img decoding=\"async\" src=\"https:\/\/samorzad.uksw.edu.pl\/wp-content\/uploads\/sites\/37\/2023\/10\/pro_polonia_logo-11.png\" alt=\"Fundacja Pro Polonia\" class=\"img_all\">\r\n                    <\/a>\r\n                <\/div>\r\n          <\/div>\r\n                    <div class=\"media-29101\">\r\n                <div class=\"clients1 project_box\">\r\n                    <a href=\"https:\/\/ispot.pl\/edukacja\" target=\"_blank\" >\r\n                    <img decoding=\"async\" src=\"https:\/\/samorzad.uksw.edu.pl\/wp-content\/uploads\/sites\/37\/2024\/03\/2.png\" alt=\"iSpot\" class=\"img_all\">\r\n                    <\/a>\r\n                <\/div>\r\n          <\/div>\r\n                    <div class=\"media-29101\">\r\n                <div class=\"clients1 project_box\">\r\n                    <a href=\"https:\/\/ispot.pl\/istudies\" target=\"_blank\" >\r\n                    <img decoding=\"async\" src=\"https:\/\/samorzad.uksw.edu.pl\/wp-content\/uploads\/sites\/37\/2025\/02\/istudies_logo_hori_blk_small.png\" alt=\"iStudia\" class=\"img_all\">\r\n                    <\/a>\r\n                <\/div>\r\n          <\/div>\r\n          \r\n\r\n         \r\n        <\/div>\r\n  \r\n\r\n<button class=\"clients_arrow_right\"> <img decoding=\"async\" src=\"https:\/\/samorzad.uksw.edu.pl\/wp-content\/themes\/uksw\/images\/blue_arrow.svg\" class=\"pointer\" alt=\"Nast\u0119pny slajd\"><\/button>\r\n<\/div>\r\n<\/div>\r\n<\/div>\r\n\r\n \r\n\r\n\r\n<\/div>","protected":false},"excerpt":{"rendered":"","protected":false},"author":590,"featured_media":1749,"parent":0,"menu_order":0,"comment_status":"closed","ping_status":"closed","template":"page-templates\/template-home-page.php","meta":{"_acf_changed":true,"inline_featured_image":false,"footnotes":"","_links_to":"","_links_to_target":""},"class_list":["post-136","page","type-page","status-publish","has-post-thumbnail","hentry"],"acf":[],"_links":{"self":[{"href":"https:\/\/samorzad.uksw.edu.pl\/pl\/wp-json\/wp\/v2\/pages\/136","targetHints":{"allow":["GET"]}}],"collection":[{"href":"https:\/\/samorzad.uksw.edu.pl\/pl\/wp-json\/wp\/v2\/pages"}],"about":[{"href":"https:\/\/samorzad.uksw.edu.pl\/pl\/wp-json\/wp\/v2\/types\/page"}],"author":[{"embeddable":true,"href":"https:\/\/samorzad.uksw.edu.pl\/pl\/wp-json\/wp\/v2\/users\/590"}],"replies":[{"embeddable":true,"href":"https:\/\/samorzad.uksw.edu.pl\/pl\/wp-json\/wp\/v2\/comments?post=136"}],"version-history":[{"count":0,"href":"https:\/\/samorzad.uksw.edu.pl\/pl\/wp-json\/wp\/v2\/pages\/136\/revisions"}],"wp:featuredmedia":[{"embeddable":true,"href":"https:\/\/samorzad.uksw.edu.pl\/pl\/wp-json\/wp\/v2\/media\/1749"}],"wp:attachment":[{"href":"https:\/\/samorzad.uksw.edu.pl\/pl\/wp-json\/wp\/v2\/media?parent=136"}],"curies":[{"name":"wp","href":"https:\/\/api.w.org\/{rel}","templated":true}]}}