{"id":1193,"date":"2025-03-04T19:10:50","date_gmt":"2025-03-04T18:10:50","guid":{"rendered":"https:\/\/samorzad.uksw.edu.pl\/?page_id=1193"},"modified":"2026-02-23T18:00:44","modified_gmt":"2026-02-23T17:00:44","slug":"wzory-dokumentow-wrs","status":"publish","type":"page","link":"https:\/\/samorzad.uksw.edu.pl\/organy-samorzadu\/wrs\/wzory-dokumentow-wrs\/","title":{"rendered":"Wzory dokument\u00f3w WRS"},"content":{"rendered":"\n<ul class=\"wp-block-list\">\n<li><a href=\"https:\/\/samorzad.uksw.edu.pl\/wp-content\/uploads\/sites\/37\/2026\/02\/Wzor-uchwaly.docx\">Wz\u00f3r uchwa\u0142y Wydzia\u0142owej Rady Student\u00f3w<\/a><\/li>\n\n\n\n<li><a href=\"https:\/\/samorzad.uksw.edu.pl\/wp-content\/uploads\/sites\/37\/2026\/02\/Wzor-sprawozdania-kwartalnego.docx\">Wz\u00f3r sprawozdania kwartalnego Wydzia\u0142owej Rady Student\u00f3w<\/a><\/li>\n\n\n\n<li><a href=\"https:\/\/samorzad.uksw.edu.pl\/wp-content\/uploads\/sites\/37\/2026\/02\/Wzor-protokolu.docx\">Wz\u00f3r protoko\u0142u z posiedzenia Wydzia\u0142owej Rady Student\u00f3w<\/a><\/li>\n<\/ul>\n\n\n\n<p><\/p>\n","protected":false},"excerpt":{"rendered":"","protected":false},"author":637,"featured_media":0,"parent":524,"menu_order":0,"comment_status":"closed","ping_status":"closed","template":"page-templates\/template-sub-page.php","meta":{"_acf_changed":false,"inline_featured_image":false,"footnotes":"","_links_to":"","_links_to_target":""},"class_list":["post-1193","page","type-page","status-publish","hentry"],"acf":[],"_links":{"self":[{"href":"https:\/\/samorzad.uksw.edu.pl\/pl\/wp-json\/wp\/v2\/pages\/1193","targetHints":{"allow":["GET"]}}],"collection":[{"href":"https:\/\/samorzad.uksw.edu.pl\/pl\/wp-json\/wp\/v2\/pages"}],"about":[{"href":"https:\/\/samorzad.uksw.edu.pl\/pl\/wp-json\/wp\/v2\/types\/page"}],"author":[{"embeddable":true,"href":"https:\/\/samorzad.uksw.edu.pl\/pl\/wp-json\/wp\/v2\/users\/637"}],"replies":[{"embeddable":true,"href":"https:\/\/samorzad.uksw.edu.pl\/pl\/wp-json\/wp\/v2\/comments?post=1193"}],"version-history":[{"count":0,"href":"https:\/\/samorzad.uksw.edu.pl\/pl\/wp-json\/wp\/v2\/pages\/1193\/revisions"}],"up":[{"embeddable":true,"href":"https:\/\/samorzad.uksw.edu.pl\/pl\/wp-json\/wp\/v2\/pages\/524"}],"wp:attachment":[{"href":"https:\/\/samorzad.uksw.edu.pl\/pl\/wp-json\/wp\/v2\/media?parent=1193"}],"curies":[{"name":"wp","href":"https:\/\/api.w.org\/{rel}","templated":true}]}}