{"id":1184,"date":"2025-03-03T21:21:53","date_gmt":"2025-03-03T20:21:53","guid":{"rendered":"https:\/\/samorzad.uksw.edu.pl\/?page_id=1184"},"modified":"2026-01-26T12:36:23","modified_gmt":"2026-01-26T11:36:23","slug":"rzecznik-praw-studenta","status":"publish","type":"page","link":"https:\/\/samorzad.uksw.edu.pl\/rzecznik-praw-studenta\/","title":{"rendered":"Rzecznik Praw Studenta"},"content":{"rendered":"\n<p><\/p>\n\n\n\n<p>Funkcja Rzecznika Praw Studenta obecnie wakuje.<\/p>\n\n\n\n<p><\/p>\n\n\n\n<p>Na podstawie Zarz\u0105dzenia Rektora UKSW 73\/2024 z dnia 29 listopada 2024 r. w Uniwersytecie Kardyna\u0142a Stefana Wyszy\u0144skiego w Warszawie utworzono funkcj\u0119 Rzecznika Praw Studenta.&nbsp;<\/p>\n\n\n\n<p>Do zada\u0144 Rzecznika nale\u017cy m.in.:<\/p>\n\n\n\n<p>&#8211; ochrona praw os\u00f3b kszta\u0142c\u0105cych si\u0119 w Uniwersytecie<\/p>\n\n\n\n<p>&#8211; przedstawianie zainteresowanym studentom informacji dotycz\u0105cych funkcjonowania i regulacji prawnych obowi\u0105zuj\u0105cych w Uniwersytecie, w szczeg\u00f3lno\u015bci dotycz\u0105cych przebiegu toku studi\u00f3w oraz procedur przyznawania pomocy materialnej<\/p>\n\n\n\n<p>&#8211; pomoc w wyja\u015bnieniu spraw lub uzyskiwaniu stosownych informacji od w\u0142a\u015bciwych jednostek organizacyjnych Uniwersytetu<\/p>\n\n\n\n<p>&#8211; przekazywanie w\u0142adzom Uniwersytetu raport\u00f3w dotycz\u0105cych sytuacji problematycznych<\/p>\n\n\n\n<p><\/p>\n\n\n\n<p>kontakt: rzecznik@samorzad.uksw.edu.pl<\/p>\n","protected":false},"excerpt":{"rendered":"<p>Funkcja Rzecznika Praw Studenta obecnie wakuje. Na podstawie Zarz\u0105dzenia Rektora UKSW 73\/2024 z dnia 29 listopada 2024 r. w Uniwersytecie Kardyna\u0142a Stefana Wyszy\u0144skiego w Warszawie utworzono funkcj\u0119 Rzecznika Praw Studenta.&nbsp; Do zada\u0144 Rzecznika nale\u017cy m.in.: &#8211; ochrona praw os\u00f3b kszta\u0142c\u0105cych si\u0119 w Uniwersytecie &#8211; przedstawianie zainteresowanym studentom informacji dotycz\u0105cych funkcjonowania i regulacji prawnych obowi\u0105zuj\u0105cych w [&hellip;]<\/p>\n","protected":false},"author":637,"featured_media":0,"parent":0,"menu_order":0,"comment_status":"closed","ping_status":"closed","template":"page-templates\/template-sub-page.php","meta":{"_acf_changed":false,"inline_featured_image":false,"footnotes":"","_links_to":"","_links_to_target":""},"class_list":["post-1184","page","type-page","status-publish","hentry"],"acf":[],"_links":{"self":[{"href":"https:\/\/samorzad.uksw.edu.pl\/pl\/wp-json\/wp\/v2\/pages\/1184","targetHints":{"allow":["GET"]}}],"collection":[{"href":"https:\/\/samorzad.uksw.edu.pl\/pl\/wp-json\/wp\/v2\/pages"}],"about":[{"href":"https:\/\/samorzad.uksw.edu.pl\/pl\/wp-json\/wp\/v2\/types\/page"}],"author":[{"embeddable":true,"href":"https:\/\/samorzad.uksw.edu.pl\/pl\/wp-json\/wp\/v2\/users\/637"}],"replies":[{"embeddable":true,"href":"https:\/\/samorzad.uksw.edu.pl\/pl\/wp-json\/wp\/v2\/comments?post=1184"}],"version-history":[{"count":0,"href":"https:\/\/samorzad.uksw.edu.pl\/pl\/wp-json\/wp\/v2\/pages\/1184\/revisions"}],"wp:attachment":[{"href":"https:\/\/samorzad.uksw.edu.pl\/pl\/wp-json\/wp\/v2\/media?parent=1184"}],"curies":[{"name":"wp","href":"https:\/\/api.w.org\/{rel}","templated":true}]}}