{"id":1180,"date":"2025-03-03T20:56:52","date_gmt":"2025-03-03T19:56:52","guid":{"rendered":"https:\/\/samorzad.uksw.edu.pl\/?page_id=1180"},"modified":"2025-11-23T20:37:39","modified_gmt":"2025-11-23T19:37:39","slug":"organy-samorzadu","status":"publish","type":"page","link":"https:\/\/samorzad.uksw.edu.pl\/organy-samorzadu\/","title":{"rendered":"Organy Samorz\u0105du"},"content":{"rendered":"\n<p>Organami Samorz\u0105du Student\u00f3w UKSW s\u0105:<br>1. Zarz\u0105d <br>2. Parlament<br>3. Wydzia\u0142owe Rady Student\u00f3w <br>4. Komisja Rewizyjna <br>5. Og\u00f3lnouczelniana Komisja Wyborcza<\/p>\n","protected":false},"excerpt":{"rendered":"<p>Organami Samorz\u0105du Student\u00f3w UKSW s\u0105:1. Zarz\u0105d 2. Parlament3. Wydzia\u0142owe Rady Student\u00f3w 4. Komisja Rewizyjna 5. Og\u00f3lnouczelniana Komisja Wyborcza<\/p>\n","protected":false},"author":637,"featured_media":0,"parent":0,"menu_order":0,"comment_status":"closed","ping_status":"closed","template":"page-templates\/template-sub-page.php","meta":{"_acf_changed":false,"inline_featured_image":false,"footnotes":"","_links_to":"","_links_to_target":""},"class_list":["post-1180","page","type-page","status-publish","hentry"],"acf":[],"_links":{"self":[{"href":"https:\/\/samorzad.uksw.edu.pl\/pl\/wp-json\/wp\/v2\/pages\/1180","targetHints":{"allow":["GET"]}}],"collection":[{"href":"https:\/\/samorzad.uksw.edu.pl\/pl\/wp-json\/wp\/v2\/pages"}],"about":[{"href":"https:\/\/samorzad.uksw.edu.pl\/pl\/wp-json\/wp\/v2\/types\/page"}],"author":[{"embeddable":true,"href":"https:\/\/samorzad.uksw.edu.pl\/pl\/wp-json\/wp\/v2\/users\/637"}],"replies":[{"embeddable":true,"href":"https:\/\/samorzad.uksw.edu.pl\/pl\/wp-json\/wp\/v2\/comments?post=1180"}],"version-history":[{"count":0,"href":"https:\/\/samorzad.uksw.edu.pl\/pl\/wp-json\/wp\/v2\/pages\/1180\/revisions"}],"wp:attachment":[{"href":"https:\/\/samorzad.uksw.edu.pl\/pl\/wp-json\/wp\/v2\/media?parent=1180"}],"curies":[{"name":"wp","href":"https:\/\/api.w.org\/{rel}","templated":true}]}}