{"id":1162,"date":"2025-03-03T19:39:05","date_gmt":"2025-03-03T18:39:05","guid":{"rendered":"https:\/\/samorzad.uksw.edu.pl\/?page_id=1162"},"modified":"2026-03-21T08:38:54","modified_gmt":"2026-03-21T07:38:54","slug":"uchwaly-okws","status":"publish","type":"page","link":"https:\/\/samorzad.uksw.edu.pl\/organy-samorzadu\/okws\/uchwaly-okws\/","title":{"rendered":"Uchwa\u0142y OKWS"},"content":{"rendered":"\n<p><\/p>\n\n\n\n<p class=\"has-large-font-size\"><strong>2026<\/strong><\/p>\n\n\n\n<ul class=\"wp-block-list\">\n<li><a href=\"https:\/\/samorzad.uksw.edu.pl\/wp-content\/uploads\/sites\/37\/2026\/02\/Uchwala-nr-1-Sas.008.OKWS_.U.1.2026-1.pdf\"><strong>Uchwa\u0142a nr 1\/2026<\/strong> z 16 lutego w sprawie wyboru Przewodnicz\u0105cego Og\u00f3lnouczelnianej Komisji Wyborczej Samorz\u0105du Student\u00f3w UKSW<\/a><\/li>\n\n\n\n<li><a href=\"https:\/\/samorzad.uksw.edu.pl\/wp-content\/uploads\/sites\/37\/2026\/02\/Uchwala-nr-2-Sas.008.OKWS_.U.2.2026-1.pdf\"><strong>Uchwa\u0142a nr 2\/2026<\/strong> z 16 lutego w sprawie wyboru Wiceprzewodnicz\u0105cego Og\u00f3lnouczelnianej Komisji Wyborczej Samorz\u0105du Student\u00f3w UKSW<\/a><\/li>\n\n\n\n<li><a href=\"https:\/\/samorzad.uksw.edu.pl\/wp-content\/uploads\/sites\/37\/2026\/02\/Uchwala-nr-3-Sas.008.OKWS_.U.3.2026-1.pdf\"><strong>Uchwa\u0142a nr 3\/2026<\/strong> z 16 lutego w sprawie wyboru Sekretarza Og\u00f3lnouczelnianej Komisji Wyborczej Samorz\u0105du Student\u00f3w UKSW<\/a><\/li>\n\n\n\n<li><a href=\"https:\/\/samorzad.uksw.edu.pl\/wp-content\/uploads\/sites\/37\/2026\/02\/Uchwala-nr-4-Sas.008.OKWS_.U.4.2026-1.pdf\"><strong>Uchwa\u0142a nr 4\/2026<\/strong> z 18 lutego w sprawie uzupe\u0142nienia sk\u0142adu Parlamentu Samorz\u0105du Student\u00f3w UKSW &#8211; Wydzia\u0142 Nauk Historycznych<\/a><\/li>\n\n\n\n<li><a href=\"https:\/\/samorzad.uksw.edu.pl\/wp-content\/uploads\/sites\/37\/2026\/02\/Uchwala-nr-5-Sas.008.OKWS_.U.5.2026-1.pdf\"><strong>Uchwa\u0142a nr 5\/2026<\/strong> z 18 lutego w sprawie uzupe\u0142niania sk\u0142adu Parlamentu Samorz\u0105du Student\u00f3w UKSW &#8211; Wydzia\u0142 Teologiczny<\/a><\/li>\n\n\n\n<li><a href=\"https:\/\/samorzad.uksw.edu.pl\/wp-content\/uploads\/sites\/37\/2026\/03\/Uchwala-nr-6-Sas.008.OKWS_.U.6.2026.pdf\"><strong>Uchwa\u0142a nr 6\/2026<\/strong> z 21 marca w sprawie uzupe\u0142niania sk\u0142adu Parlamentu Samorz\u0105du Student\u00f3w UKSW &#8211; Wydzia\u0142 Studi\u00f3w nad Rodzin\u0105<\/a><\/li>\n\n\n\n<li><a href=\"https:\/\/samorzad.uksw.edu.pl\/wp-content\/uploads\/sites\/37\/2026\/03\/Uchwala-nr-7-Sas.008.OKWS_.U.7.2026.pdf\"><strong>Uchwa\u0142a nr 7\/2026<\/strong> z 21 marca w sprawie uzupe\u0142niania sk\u0142adu Parlamentu Samorz\u0105du Student\u00f3w UKSW &#8211; Wydzia\u0142 Matematyczno-Przyrodniczy<\/a><\/li>\n<\/ul>\n\n\n\n<p class=\"has-large-font-size\"><strong>2025<\/strong><\/p>\n\n\n\n<ul class=\"wp-block-list\">\n<li><a href=\"https:\/\/samorzad.uksw.edu.pl\/wp-content\/uploads\/sites\/37\/2025\/03\/uchwala-okws-nr-01-powolanie_przewodniczacego.pdf\">Uchwa\u0142a nr 1\/2025 z 19 lutego 2025 roku w sprawie wyboru przewodnicz\u0105cego Og\u00f3lnouczelnianej Komisji Wyborczej Samorz\u0105du Student\u00f3w UKSW<\/a><\/li>\n\n\n\n<li><a href=\"https:\/\/samorzad.uksw.edu.pl\/wp-content\/uploads\/sites\/37\/2025\/03\/uchwala-okws-nr-02-powolanie_wiceprzewodniczacego.pdf\">Uchwa\u0142a nr 2\/2025 z 19 lutego 2025 roku w sprawie wyboru wiceprzewodnicz\u0105cego Og\u00f3lnouczelnianej Komisji Wyborczej Samorz\u0105du Student\u00f3w UKSW <\/a><\/li>\n\n\n\n<li><a href=\"https:\/\/samorzad.uksw.edu.pl\/wp-content\/uploads\/sites\/37\/2025\/03\/uchwala-okws-nr-03-powolanie_sekretarza.pdf\">Uchwa\u0142a nr 3\/2025 z 19 lutego 2025 roku w sprawie wyboru sekretarza Og\u00f3lnouczelnianej Komisji Wyborczej Samorz\u0105du Student\u00f3w UKSW<\/a><\/li>\n\n\n\n<li><a href=\"https:\/\/samorzad.uksw.edu.pl\/wp-content\/uploads\/sites\/37\/2025\/03\/Uchwala-nr-04-uzupelnienie-skladu-parlamentu-wnh_pod.pdf\">Uchwa\u0142a nr 4\/2025 z 20 marca 2025 roku w sprawie uzupe\u0142nienia sk\u0142adu Parlamentu Samorz\u0105du Student\u00f3w UKSW \u2013 Wydzia\u0142 Nauk Humanistycznych <\/a><\/li>\n\n\n\n<li><a href=\"https:\/\/samorzad.uksw.edu.pl\/wp-content\/uploads\/sites\/37\/2025\/03\/Uchwala-nr-05-uzupelnienie-skladu-parlamentu-wmcm_pod.pdf\" data-type=\"link\" data-id=\"https:\/\/samorzad.uksw.edu.pl\/wp-content\/uploads\/sites\/37\/2025\/03\/Uchwala-nr-05-uzupelnienie-skladu-parlamentu-wmcm_pod.pdf\">Uchwa\u0142a nr 5\/2025 z 20 marca 2025 roku w sprawie uzupe\u0142nienia sk\u0142adu Parlamentu Samorz\u0105du Student\u00f3w UKSW \u2013 Wydzia\u0142 Medyczny. Collegium Medicum<\/a><\/li>\n\n\n\n<li><a href=\"https:\/\/samorzad.uksw.edu.pl\/wp-content\/uploads\/sites\/37\/2025\/05\/Uchwala-nr-06-wybory-uzupelniajace-wrs.pdf\">Uchwa\u0142a nr 6\/2025 z 25 kwietnia 2025 roku w sprawie przeprowadzenia wybor\u00f3w uzupe\u0142niaj\u0105cych na poszczeg\u00f3lnych wydzia\u0142ach<\/a><\/li>\n\n\n\n<li><a href=\"https:\/\/samorzad.uksw.edu.pl\/wp-content\/uploads\/sites\/37\/2025\/05\/Uchwala-nr-07-wybory-uzupelniajace-kandydaci.pdf\">Uchwa\u0142a nr 7\/2025 z 10 maja 2025 roku w sprawie zarejestrowanych kandydat\u00f3w w wyborach uzupe\u0142niaj\u0105cych do Wydzia\u0142owych Rad Student\u00f3w Uniwersytetu Kardyna\u0142a Stefana Wyszy\u0144skiego w Warszawie<\/a><\/li>\n\n\n\n<li><a href=\"https:\/\/samorzad.uksw.edu.pl\/wp-content\/uploads\/sites\/37\/2025\/10\/uchwala-nr-08-wybory-uzupelniajace-wyniki-pdf.pdf\" data-type=\"link\" data-id=\"https:\/\/samorzad.uksw.edu.pl\/wp-content\/uploads\/sites\/37\/2025\/10\/uchwala-nr-08-wybory-uzupelniajace-wyniki-pdf.pdf\">Uchwa\u0142a nr 8\/2025 z 26 maja 2025 roku w sprawie wynik\u00f3w wybor\u00f3w uzupe\u0142niaj\u0105cych do Wydzia\u0142owych Rad Student\u00f3w UKSW zarz\u0105dzonych na dni 17-25 maja 2025 r.<\/a><\/li>\n\n\n\n<li><a href=\"https:\/\/samorzad.uksw.edu.pl\/wp-content\/uploads\/sites\/37\/2025\/10\/uchwala-09-uzupelnienie-skladu-parlamentu-wt.pdf\" data-type=\"link\" data-id=\"https:\/\/samorzad.uksw.edu.pl\/wp-content\/uploads\/sites\/37\/2025\/10\/uchwala-09-uzupelnienie-skladu-parlamentu-wt.pdf\">Uchwa\u0142a nr 9\/2025 z 29 wrze\u015bnia 2025 roku w sprawie uzupe\u0142nienia sk\u0142adu Parlamentu Samorz\u0105du Student\u00f3w UKSW \u2013 Wydzia\u0142 Teologiczny<\/a><\/li>\n\n\n\n<li><a href=\"https:\/\/samorzad.uksw.edu.pl\/wp-content\/uploads\/sites\/37\/2025\/10\/uchwala-10-uzupelnienie-skladu-parlamentu-wpia.pdf\" data-type=\"link\" data-id=\"https:\/\/samorzad.uksw.edu.pl\/wp-content\/uploads\/sites\/37\/2025\/10\/uchwala-10-uzupelnienie-skladu-parlamentu-wpia.pdf\">Uchwa\u0142a nr 10\/2025 z 29 wrze\u015bnia 2025 roku w sprawie uzupe\u0142nienia sk\u0142adu Parlamentu Samorz\u0105du Student\u00f3w UKSW \u2013 Wydzia\u0142 Prawa i Administracji<\/a><\/li>\n\n\n\n<li><a href=\"https:\/\/samorzad.uksw.edu.pl\/wp-content\/uploads\/sites\/37\/2025\/10\/uchwala-11-uzupelnienie-skladu-parlamentu-wmcm.pdf\" data-type=\"link\" data-id=\"https:\/\/samorzad.uksw.edu.pl\/wp-content\/uploads\/sites\/37\/2025\/10\/uchwala-11-uzupelnienie-skladu-parlamentu-wmcm.pdf\">Uchwa\u0142a nr 11\/2025 z 29 wrze\u015bnia 2025 roku w sprawie uzupe\u0142nienia sk\u0142adu Parlamentu Samorz\u0105du Student\u00f3w UKSW \u2013 Wydzia\u0142 Medyczny. Collegium Medicum<\/a><\/li>\n\n\n\n<li><a href=\"https:\/\/samorzad.uksw.edu.pl\/wp-content\/uploads\/sites\/37\/2025\/10\/uchwala-12-uzupelnienie-skladu-parlamentu-wfch-1.pdf\">Uchwa\u0142a nr 12\/2025 z 3 pa\u017adziernika 2025 roku w sprawie uzupe\u0142nienia sk\u0142adu Parlamentu Samorz\u0105du Student\u00f3w UKSW \u2013 Wydzia\u0142 Filozofii Chrze\u015bcija\u0144skiej<\/a><\/li>\n\n\n\n<li><a href=\"https:\/\/samorzad.uksw.edu.pl\/wp-content\/uploads\/sites\/37\/2025\/10\/uchwala-13-uzupelnienie-skladu-parlamentu-wt-2.pdf\">Uchwa\u0142a nr 13\/2025 z 3 pa\u017adziernika 2025 roku w sprawie uzupe\u0142nienia sk\u0142adu Parlamentu Samorz\u0105du Student\u00f3w UKSW \u2013 Wydzia\u0142 Teologiczny<\/a><\/li>\n\n\n\n<li><a href=\"https:\/\/samorzad.uksw.edu.pl\/wp-content\/uploads\/sites\/37\/2025\/10\/uchwala-14-zmiana-uchwalylosowanie.pdf\">Uchwa\u0142a nr 14\/2025 z 8 pa\u017adziernika 2025 roku w sprawie zmiany uchwa\u0142y OKWS nr 8\/2025 oraz zarz\u0105dzenia losowania mandatu do Parlamentu Samorz\u0105du Student\u00f3w UKSW &#8211; Wydzia\u0142 Studi\u00f3w nad Rodzin\u0105<\/a><\/li>\n\n\n\n<li><a href=\"https:\/\/samorzad.uksw.edu.pl\/wp-content\/uploads\/sites\/37\/2025\/10\/uchwala-15-zmiana-uchwaly-14.pdf\">Uchwa\u0142a nr 15\/2025 z 12 pa\u017adziernika 2025 roku w sprawie zmiany uchwa\u0142y OKWS nr 14\/2025 oraz jej uzasadnienia<\/a><\/li>\n\n\n\n<li><a href=\"https:\/\/samorzad.uksw.edu.pl\/wp-content\/uploads\/sites\/37\/2025\/10\/Uchwala-nr-16.2025-losowanie-wsr.pdf\">Uchwa\u0142a nr 16\/2025 z 15 pa\u017adziernika 2025 roku w sprawie Wynik\u00f3w losowania mandatu przedstawicielskiego do Parlamentu Samorz\u0105du Student\u00f3w UKSW &#8211; uzupe\u0142nienia sk\u0142adu Parlamentu Samorz\u0105du Student\u00f3w UKSW \u2013 Wydzia\u0142 Studi\u00f3w nad Rodzin\u0105<\/a><\/li>\n\n\n\n<li><a href=\"https:\/\/samorzad.uksw.edu.pl\/wp-content\/uploads\/sites\/37\/2025\/11\/uchwala-17-wybory-wrs-grudzien-2025.pdf\">Uchwa\u0142a nr 17\/2025 z 29 pa\u017adziernika 2025 roku w sprawie Przeprowadzenia wybor\u00f3w do Wydzia\u0142owych Rad Student\u00f3w Uniwersytetu Kardyna\u0142a Stefana Wyszy\u0144skiego w Warszawie<\/a><\/li>\n\n\n\n<li><a href=\"https:\/\/samorzad.uksw.edu.pl\/wp-content\/uploads\/sites\/37\/2025\/11\/uchwala-18-lista-kandydatow-WRS.pdf\">Uchwa\u0142a nr 18\/2025 z 19 listopada 2025 roku w sprawie Zarejestrowanych kandydat\u00f3w w wyborach do Wydzia\u0142owych Rad Student\u00f3w Uniwersytety Kardyna\u0142a Stefana Wyszy\u0144skiego w Warszawie<\/a><\/li>\n\n\n\n<li><a href=\"https:\/\/samorzad.uksw.edu.pl\/wp-content\/uploads\/sites\/37\/2025\/11\/uchwala-19-uzupelnienie-skladu-parlamentu-wsr.pdf\">Uchwa\u0142a nr 19\/2025 z 20 listopada 2025 roku w sprawie Uzupe\u0142nienia sk\u0142adu Parlamentu Samorz\u0105du Student\u00f3w UKSW &#8211; Wydzia\u0142 Studi\u00f3w nad Rodzin\u0105<\/a><\/li>\n\n\n\n<li><a href=\"https:\/\/samorzad.uksw.edu.pl\/wp-content\/uploads\/sites\/37\/2025\/11\/uchwala-20-liczba-mandatow-wrs.pdf\">Uchwa\u0142a nr 20\/2025 z 23 listopada 2025 roku w sprawie mandat\u00f3w do Wydzia\u0142owych Rad Student\u00f3w Uniwerstytetu Kardyna\u0142a Stefana Wyszy\u0144skiego w Warszawie<\/a><\/li>\n\n\n\n<li><a href=\"https:\/\/samorzad.uksw.edu.pl\/wp-content\/uploads\/sites\/37\/2025\/12\/uchwala-OKWS-21-2025.pdf\">Uchwa\u0142a nr 21\/2025 z 6 grudnia 2025 roku w sprawie&nbsp;wyboru Przewodnicz\u0105cej Og\u00f3lnouczelnianej Komisji Wyborczej Samorz\u0105du&nbsp;Student\u00f3w UKSW<\/a><\/li>\n\n\n\n<li><a href=\"https:\/\/samorzad.uksw.edu.pl\/wp-content\/uploads\/sites\/37\/2025\/12\/uchwala-OKWS-22-2025.pdf\">Uchwa\u0142a nr 22\/2025 z 6 grudnia 2025 roku w sprawie&nbsp;wyboru Wiceprzewodnicz\u0105cej Og\u00f3lnouczelnianej Komisji Wyborczej Samorz\u0105du&nbsp;Student\u00f3w UKSW<\/a><\/li>\n\n\n\n<li><a href=\"https:\/\/samorzad.uksw.edu.pl\/wp-content\/uploads\/sites\/37\/2025\/12\/uchwala-OKWS-23-2025-pdf.pdf\">Uchwa\u0142a nr 23\/2025 z 9 grudnia 2025 roku w sprawie w sprawie wynik\u00f3w wybor\u00f3w do Wydzia\u0142owych Rad Student\u00f3w UKSW na kadencj\u0119 2026&nbsp;zarz\u0105dzonych na dni 27 listopada \u2013&nbsp;9 grudnia 2025 r.<\/a><\/li>\n\n\n\n<li><a href=\"https:\/\/samorzad.uksw.edu.pl\/wp-content\/uploads\/sites\/37\/2025\/12\/uchwala-OKWS-24-2025.pdf\">Uchwa\u0142a nr 24\/2025 z 11 grudnia 2025 roku w sprawie Wynik\u00f3w losowania mandatu przedstawicielskiego do Parlamentu Samorz\u0105du&nbsp;Student\u00f3w UKSW&nbsp;\u2013 Wydzia\u0142&nbsp;Medyczny Collegium Medicum<\/a><\/li>\n\n\n\n<li><a href=\"https:\/\/samorzad.uksw.edu.pl\/wp-content\/uploads\/sites\/37\/2025\/12\/uchwala-OKWS-25-2025.pdf\">Uchwa\u0142a nr 25\/2025 z 11 grudnia 2025 roku w<strong> <\/strong>sprawie&nbsp;Wynik\u00f3w losowania&nbsp;cz\u0142onka Wydzia\u0142owej Rady Student\u00f3w \u2013 Wydzia\u0142&nbsp;Medyczny Collegium Medicum<\/a><\/li>\n<\/ul>\n\n\n\n<p><\/p>\n","protected":false},"excerpt":{"rendered":"<p>2026 2025<\/p>\n","protected":false},"author":590,"featured_media":0,"parent":1167,"menu_order":0,"comment_status":"closed","ping_status":"closed","template":"page-templates\/template-sub-page.php","meta":{"_acf_changed":false,"inline_featured_image":false,"footnotes":"","_links_to":"","_links_to_target":""},"class_list":["post-1162","page","type-page","status-publish","hentry"],"acf":[],"_links":{"self":[{"href":"https:\/\/samorzad.uksw.edu.pl\/pl\/wp-json\/wp\/v2\/pages\/1162","targetHints":{"allow":["GET"]}}],"collection":[{"href":"https:\/\/samorzad.uksw.edu.pl\/pl\/wp-json\/wp\/v2\/pages"}],"about":[{"href":"https:\/\/samorzad.uksw.edu.pl\/pl\/wp-json\/wp\/v2\/types\/page"}],"author":[{"embeddable":true,"href":"https:\/\/samorzad.uksw.edu.pl\/pl\/wp-json\/wp\/v2\/users\/590"}],"replies":[{"embeddable":true,"href":"https:\/\/samorzad.uksw.edu.pl\/pl\/wp-json\/wp\/v2\/comments?post=1162"}],"version-history":[{"count":0,"href":"https:\/\/samorzad.uksw.edu.pl\/pl\/wp-json\/wp\/v2\/pages\/1162\/revisions"}],"up":[{"embeddable":true,"href":"https:\/\/samorzad.uksw.edu.pl\/pl\/wp-json\/wp\/v2\/pages\/1167"}],"wp:attachment":[{"href":"https:\/\/samorzad.uksw.edu.pl\/pl\/wp-json\/wp\/v2\/media?parent=1162"}],"curies":[{"name":"wp","href":"https:\/\/api.w.org\/{rel}","templated":true}]}}