{"id":1161,"date":"2025-03-03T19:39:05","date_gmt":"2025-03-03T18:39:05","guid":{"rendered":"https:\/\/samorzad.uksw.edu.pl\/?page_id=1161"},"modified":"2026-02-17T01:34:11","modified_gmt":"2026-02-17T00:34:11","slug":"sklad-okws","status":"publish","type":"page","link":"https:\/\/samorzad.uksw.edu.pl\/organy-samorzadu\/okws\/sklad-okws\/","title":{"rendered":"Sk\u0142ad OKWS"},"content":{"rendered":"\n<h4 class=\"wp-block-heading\">Sk\u0142ad Og\u00f3lnouczelnianej Komisji Wyborczej SaS <\/h4>\n\n\n\n<p>Og\u00f3lnouczelniana Komisja Wyborcza Samorz\u0105du Student\u00f3w UKSW pracuje w sk\u0142adzie 5 osobowym. Jej zadaniem jest przeprowadzanie wybor\u00f3w do organ\u00f3w kolegialnych samorz\u0105du.<\/p>\n\n\n\n<p><\/p>\n\n\n\n<ol class=\"wp-block-list\">\n<li>Natalia M. Wieczorek &#8211; Przewodnicz\u0105ca Komisji<\/li>\n\n\n\n<li>Aleksandra Mazurek &#8211; Wiceprzewodnicz\u0105ca Komisji<\/li>\n\n\n\n<li>Maciej Tomczyk &#8211; Sekretarz Komisji<\/li>\n\n\n\n<li>Karolina Skrzypczy\u0144ska &#8211; Cz\u0142onek Komisji<\/li>\n\n\n\n<li>Maksymilian Marchlewicz &#8211; Cz\u0142onek Komisji<\/li>\n<\/ol>\n\n\n\n<p><\/p>\n\n\n\n<p><\/p>\n","protected":false},"excerpt":{"rendered":"<p>Sk\u0142ad Og\u00f3lnouczelnianej Komisji Wyborczej SaS Og\u00f3lnouczelniana Komisja Wyborcza Samorz\u0105du Student\u00f3w UKSW pracuje w sk\u0142adzie 5 osobowym. Jej zadaniem jest przeprowadzanie wybor\u00f3w do organ\u00f3w kolegialnych samorz\u0105du.<\/p>\n","protected":false},"author":637,"featured_media":0,"parent":1167,"menu_order":0,"comment_status":"closed","ping_status":"closed","template":"page-templates\/template-sub-page.php","meta":{"_acf_changed":false,"inline_featured_image":false,"footnotes":"","_links_to":"","_links_to_target":""},"class_list":["post-1161","page","type-page","status-publish","hentry"],"acf":[],"_links":{"self":[{"href":"https:\/\/samorzad.uksw.edu.pl\/pl\/wp-json\/wp\/v2\/pages\/1161","targetHints":{"allow":["GET"]}}],"collection":[{"href":"https:\/\/samorzad.uksw.edu.pl\/pl\/wp-json\/wp\/v2\/pages"}],"about":[{"href":"https:\/\/samorzad.uksw.edu.pl\/pl\/wp-json\/wp\/v2\/types\/page"}],"author":[{"embeddable":true,"href":"https:\/\/samorzad.uksw.edu.pl\/pl\/wp-json\/wp\/v2\/users\/637"}],"replies":[{"embeddable":true,"href":"https:\/\/samorzad.uksw.edu.pl\/pl\/wp-json\/wp\/v2\/comments?post=1161"}],"version-history":[{"count":0,"href":"https:\/\/samorzad.uksw.edu.pl\/pl\/wp-json\/wp\/v2\/pages\/1161\/revisions"}],"up":[{"embeddable":true,"href":"https:\/\/samorzad.uksw.edu.pl\/pl\/wp-json\/wp\/v2\/pages\/1167"}],"wp:attachment":[{"href":"https:\/\/samorzad.uksw.edu.pl\/pl\/wp-json\/wp\/v2\/media?parent=1161"}],"curies":[{"name":"wp","href":"https:\/\/api.w.org\/{rel}","templated":true}]}}